{"id":2314,"date":"2024-01-22T12:31:43","date_gmt":"2024-01-22T12:31:43","guid":{"rendered":"https:\/\/jeaisup.com\/privacy-policy\/"},"modified":"2024-02-10T00:00:33","modified_gmt":"2024-02-10T00:00:33","slug":"politicas-de-privacidad","status":"publish","type":"page","link":"https:\/\/jeaisup.com\/es\/politicas-de-privacidad\/","title":{"rendered":"Pol\u00edticas de privacidad"},"content":{"rendered":"\t\t<div data-elementor-type=\"wp-page\" data-elementor-id=\"2314\" class=\"elementor elementor-2314 elementor-3\">\n\t\t\t\t<div class=\"elementor-element elementor-element-7cdb95ba e-flex e-con-boxed kitify-col-width-auto-no ignore-docs-style-no kitify-disable-relative-no e-root-container elementor-top-section e-con e-parent\" data-id=\"7cdb95ba\" data-element_type=\"container\" data-e-type=\"container\" data-settings=\"{&quot;background_background&quot;:&quot;classic&quot;}\">\n\t\t\t\t\t<div class=\"e-con-inner\">\n\t\t\t\t<div class=\"elementor-element elementor-element-6412adc kitify-breadcrumbs-page-title-yes kitify-breadcrumbs-align-left elementor-widget kitify elementor-kitify-breadcrumbs\" data-id=\"6412adc\" data-element_type=\"widget\" data-e-type=\"widget\" data-widget_type=\"kitify-breadcrumbs.default\">\n\t\t\t\t<div class=\"elementor-widget-container\">\n\t\t\t\t\t\n\t\t<div class=\"kitify-breadcrumbs\">\n\t\t<div class=\"kitify-breadcrumbs__content\">\n\t\t<div class=\"kitify-breadcrumbs__wrap\"><div class=\"kitify-breadcrumbs__item\"><a href=\"https:\/\/jeaisup.com\/es\/\" class=\"kitify-breadcrumbs__item-link is-home\" rel=\"home\" title=\"Home\">Home<\/a><\/div>\n\t\t<\/div>\n\t\t<\/div>\n\t\t<\/div>\t\t\t\t<\/div>\n\t\t\t\t<\/div>\n\t\t\t\t\t<\/div>\n\t\t\t\t<\/div>\n\t\t<div class=\"elementor-element elementor-element-67aae764 e-flex e-con-boxed kitify-col-width-auto-no ignore-docs-style-no kitify-disable-relative-no e-root-container elementor-top-section e-con e-parent\" data-id=\"67aae764\" data-element_type=\"container\" data-e-type=\"container\">\n\t\t\t\t\t<div class=\"e-con-inner\">\n\t\t\t\t<div class=\"elementor-element elementor-element-12d6f817 elementor-widget elementor-widget-text-editor\" data-id=\"12d6f817\" data-element_type=\"widget\" data-e-type=\"widget\" data-widget_type=\"text-editor.default\">\n\t\t\t\t<div class=\"elementor-widget-container\">\n\t\t\t\t\t\t\t\t\t<p><span>En&nbsp;<\/span><strong><em><span>Jeaisup.com&nbsp;<\/span><\/em><\/strong><span>&nbsp;su privacidad es nuestra prioridad.&nbsp;Estamos comprometidos a proteger su privacidad en todo momento y en todas las situaciones.&nbsp;La informaci\u00f3n que recopilamos sobre usted cuando se convierte en miembro se utiliza para procesar sus pedidos y brindarle una experiencia m\u00e1s personalizada en nuestro sitio.&nbsp;Nosotros&nbsp;<\/span><strong><em><span>Jeaisup.com<\/span><\/em><\/strong><span>&nbsp;no garantizamos la seguridad completa de la informaci\u00f3n almacenada;&nbsp;sin embargo, hemos implementado muchas pol\u00edticas y condiciones de seguridad para ayudar a proteger su informaci\u00f3n confidencial.<\/span><\/p>\n<p><strong><span>\u00bfC\u00f3mo usamos la informaci\u00f3n que recopilamos?<\/span><\/strong><br><span>Cuando se convierte en&nbsp; miembro&nbsp;<\/span><strong><em><span>de Jeaisup.com<\/span><\/em><\/strong><span>, le pedimos que complete un formulario que solicita su nombre, direcci\u00f3n y direcci\u00f3n de correo electr\u00f3nico, as\u00ed como cierta informaci\u00f3n demogr\u00e1fica como sexo y fecha de nacimiento.<\/span><br><strong><em><span>Jeaisup.com&nbsp;<\/span><\/em><\/strong><strong><span>&nbsp;NO<\/span><\/strong><span>&nbsp;compartir\u00e1&nbsp;&nbsp;&nbsp;datos con socios confiables para ayudarnos a realizar an\u00e1lisis estad\u00edsticos.<\/span><br><span>La informaci\u00f3n de su nombre y direcci\u00f3n se utiliza \u00fanicamente para procesar pedidos a menos que se d\u00e9 su consentimiento previo.&nbsp;Sin su consentimiento, esta informaci\u00f3n NUNCA se vender\u00e1, entregar\u00e1, alquilar\u00e1 o intercambiar\u00e1 con otros para fines distintos al cumplimiento del pedido.<\/span><br><span>Su informaci\u00f3n demogr\u00e1fica (sexo, fecha de nacimiento, etc.) se utilizar\u00e1 con varios fines de seguridad, para garantizar que usted es quien dice ser y que, de hecho, est\u00e1 pagando con sus tarjetas de cr\u00e9dito y no con alguien que utilice sus tarjetas de cr\u00e9dito robadas.<\/span><\/p>\n<p><strong><span>Recomienda a un amigo<\/span><\/strong><br><span>Si eliges utilizar nuestro servicio de recomendaci\u00f3n para contarle a un amigo sobre nuestro sitio, te pediremos el nombre y la direcci\u00f3n de correo electr\u00f3nico de tu amigo.&nbsp;Le enviaremos autom\u00e1ticamente a su amigo un correo electr\u00f3nico \u00fanico invit\u00e1ndolo a visitar el sitio.&nbsp;<\/span><strong><em><span>Jeaisup.com&nbsp;<\/span><\/em><\/strong><span>no almacena esta informaci\u00f3n y la utiliza con el \u00fanico fin de enviar este correo electr\u00f3nico \u00fanico.<\/span><\/p>\n<p><strong><span>Nuestro uso de archivos de registro<\/span><\/strong><br><span>Cuando visita nuestro sitio, registramos autom\u00e1ticamente su direcci\u00f3n IP, su tipo de navegador y sus tiempos de acceso.&nbsp;Utilizamos esta informaci\u00f3n para realizar evaluaciones del rendimiento del sitio, para ver de d\u00f3nde provienen los visitantes y para realizar un seguimiento de los datos del flujo de clics (las pantallas que nuestros usuarios visitan en nuestro sitio).&nbsp;Estos datos nos ayudan a determinar qu\u00e9 contenido encuentran m\u00e1s atractivo nuestros miembros para que podamos maximizar su disfrute del sitio.&nbsp;Los archivos de registro no est\u00e1n vinculados a informaci\u00f3n de identificaci\u00f3n personal.<\/span><\/p>\n<p><strong><span>Seguridad del sitio<\/span><\/strong><br><span>Todos los empleados&nbsp;<\/span><em style=\"\">de <b>Jeaisup.com&nbsp;<\/b><\/em><span>&nbsp;toman su informaci\u00f3n personal muy en serio.&nbsp;Todos los empleados deben aprender y obedecer nuestras pol\u00edticas de seguridad.&nbsp;El acceso a la informaci\u00f3n personal de los miembros est\u00e1 limitado al personal administrativo clave y a nuestro departamento de servicios para miembros.&nbsp;La informaci\u00f3n est\u00e1 protegida por identificaci\u00f3n y contrase\u00f1a y nuestra seguridad web se revisa mensualmente.<\/span><\/p>\n<p><strong><span>Correcci\u00f3n\/actualizaci\u00f3n de su informaci\u00f3n personal<\/span><\/strong><br><span>Despu\u00e9s de suscribirse a&nbsp;<\/span><strong><em><span>Jeaisup.com&nbsp;<\/span><\/em><\/strong><span>&nbsp;, puede corregir\/actualizar su informaci\u00f3n personal haciendo clic en el enlace &#8216;Mi cuenta&#8217; en la parte superior de cualquier p\u00e1gina, ingresando su ID, contrase\u00f1a y fecha de nacimiento cuando se le solicite y haciendo clic en Bot\u00f3n Editar informaci\u00f3n.&nbsp;Los cambios que realices se reflejar\u00e1n en nuestras bases de datos al instante.&nbsp;Si desea desactivar su cuenta, puede comunicarse con nuestro grupo de servicios para miembros a trav\u00e9s de la secci\u00f3n \u00abMi cuenta\u00bb o la secci\u00f3n \u00abCont\u00e1ctenos\u00bb.<\/span><\/p>\n<p><strong><span>Enlaces a otros sitios<\/span><\/strong><br><span>Este sitio web contiene enlaces a otros sitios web.&nbsp;Tenga en cuenta que cuando hace clic en uno de estos enlaces, es posible que abandone el&nbsp; sitio&nbsp;<\/span><strong><em><span>Jeaisup.com&nbsp;<\/span><\/em><\/strong><span>&nbsp;e ingrese a otro sitio web.&nbsp;Estos sitios pueden recopilar o solicitar informaci\u00f3n sobre usted de forma independiente y le recomendamos que lea las declaraciones de privacidad de estos sitios vinculados, ya que su pol\u00edtica de privacidad puede diferir de la nuestra.<\/span><\/p>\n<p><strong><span>Comunicaci\u00f3n<\/span><\/strong><br><span>De vez en cuando podemos enviarle mensajes de correo electr\u00f3nico para alertarle de que hay productos disponibles, para recordarle que debe proporcionar comentarios o para ofertas promocionales.&nbsp;Adem\u00e1s, recibir\u00e1 comunicaciones nuestras 1) si se comunica con nosotros por un motivo particular, 2) para recibir sus pedidos o 3) necesitamos comunicarnos con usted para fines administrativos, como ganar un concurso.&nbsp;Los correos electr\u00f3nicos administrativos no contendr\u00e1n materiales promocionales.&nbsp;Si elige recibir nuestros boletines informativos, contendr\u00e1n materiales promocionales de&nbsp;&nbsp;<\/span><strong><em><span>Jeaisup.com&nbsp;<\/span><\/em><\/strong><span>&nbsp;.<\/span><\/p>\n<p><strong><span>Descargo de responsabilidad legal<\/span><\/strong><br><span>Aunque hacemos todo lo posible para preservar la privacidad del usuario, es posible que necesitemos revelar informaci\u00f3n personal cuando lo exija la ley y cuando creamos de buena fe que dicha acci\u00f3n es necesaria para cumplir con un procedimiento judicial actual, una orden judicial o un proceso legal. servido en nuestro sitio web<\/span><\/p>\n<p><strong><span>Complementaci\u00f3n<\/span><\/strong><br><span>Podemos corregir o complementar la informaci\u00f3n de su direcci\u00f3n con representaci\u00f3n postal estandarizada para garantizar que sus pedidos se entreguen.&nbsp;Hacemos esto porque queremos asegurarnos de que nuestros miembros reciban el pedido y reducir los costos asociados con nuestros programas.<\/span><\/p>\n<p><strong><span>Concursos<\/span><\/strong><br><span>Peri\u00f3dicamente, se realizan concursos en nuestro sitio.&nbsp;A veces los concursos son patrocinados por nuestros clientes.&nbsp;Para participar en estos concursos s\u00f3lo necesita ingresar su ID y contrase\u00f1a y su suposici\u00f3n.&nbsp;Al momento de participar, usted puede decidir si desea que su nombre y estado se publiquen en nuestro sitio si es el ganador.&nbsp;Los nombres de los ganadores NUNCA se comparten con nuestros clientes sin su consentimiento.<\/span><\/p>\n<p><strong><span>Nuestro uso de cookies<\/span><\/strong><br><span>Las cookies son piezas de informaci\u00f3n que su navegador almacena en el disco duro de su computadora y que lo identifican cuando ingresa.&nbsp;La capacidad de seleccionar muestras en nuestro sitio no se basa en cookies.&nbsp;Podemos utilizar cookies de sesi\u00f3n para brindar una experiencia perfecta en el sitio y combinarlas con nuestros archivos de registro para que podamos comprender el tr\u00e1fico de nuestro sitio y analizar nuestra informaci\u00f3n demogr\u00e1fica en forma agregada.&nbsp;Si ha configurado su navegador para rechazar cookies, nuestro sitio no lo identificar\u00e1 cuando ingrese y deber\u00e1 ingresar manualmente su ID y contrase\u00f1a.<\/span><\/p>\n<p><strong><span>Sus comentarios son siempre bienvenidos<\/span><\/strong><br><span>Agradecemos sus comentarios y preguntas sobre nuestra pol\u00edtica de privacidad, o cualquier otra cosa de la que desee hablar.&nbsp;Para contactarnos puede comunicarse con nosotros por correo electr\u00f3nico a&nbsp;&nbsp;<\/span><em><a href=\"mailto:info@jeaisup.com\"><span>info@jeaisup.com<\/span><\/a><\/em><\/p>\t\t\t\t\t\t\t\t<\/div>\n\t\t\t\t<\/div>\n\t\t\t\t\t<\/div>\n\t\t\t\t<\/div>\n\t\t\t\t<\/div>\n\t\t","protected":false},"excerpt":{"rendered":"<p>Home En&nbsp;Jeaisup.com&nbsp;&nbsp;su privacidad es nuestra prioridad.&nbsp;Estamos comprometidos a proteger su privacidad en todo momento y en todas las situaciones.&nbsp;La informaci\u00f3n que recopilamos sobre usted cuando se convierte en miembro se utiliza para procesar sus pedidos y brindarle una experiencia m\u00e1s personalizada en nuestro sitio.&nbsp;Nosotros&nbsp;Jeaisup.com&nbsp;no garantizamos la seguridad completa de la informaci\u00f3n almacenada;&nbsp;sin embargo, hemos implementado muchas pol\u00edticas y condiciones de\u2026<\/p>\n","protected":false},"author":1,"featured_media":0,"parent":0,"menu_order":0,"comment_status":"closed","ping_status":"closed","template":"elementor_header_footer","meta":{"footnotes":""},"class_list":["post-2314","page","type-page","status-publish","hentry"],"yoast_head":"<!-- This site is optimized with the Yoast SEO plugin v27.4 - https:\/\/yoast.com\/product\/yoast-seo-wordpress\/ -->\n<title>Pol\u00edticas de privacidad - Jeaisup<\/title>\n<meta name=\"robots\" content=\"index, follow, max-snippet:-1, max-image-preview:large, max-video-preview:-1\" \/>\n<link rel=\"canonical\" href=\"https:\/\/jeaisup.com\/es\/politicas-de-privacidad\/\" \/>\n<meta property=\"og:locale\" content=\"es_ES\" \/>\n<meta property=\"og:type\" content=\"article\" \/>\n<meta property=\"og:title\" content=\"Pol\u00edticas de privacidad - Jeaisup\" \/>\n<meta property=\"og:description\" content=\"Home En&nbsp;Jeaisup.com&nbsp;&nbsp;su privacidad es nuestra prioridad.&nbsp;Estamos comprometidos a proteger su privacidad en todo momento y en todas las situaciones.&nbsp;La informaci\u00f3n que recopilamos sobre usted cuando se convierte en miembro se utiliza para procesar sus pedidos y brindarle una experiencia m\u00e1s personalizada en nuestro sitio.&nbsp;Nosotros&nbsp;Jeaisup.com&nbsp;no garantizamos la seguridad completa de la informaci\u00f3n almacenada;&nbsp;sin embargo, hemos implementado muchas pol\u00edticas y condiciones de\u2026\" \/>\n<meta property=\"og:url\" content=\"https:\/\/jeaisup.com\/es\/politicas-de-privacidad\/\" \/>\n<meta property=\"og:site_name\" content=\"Jeaisup\" \/>\n<meta property=\"article:modified_time\" content=\"2024-02-10T00:00:33+00:00\" \/>\n<meta name=\"twitter:card\" content=\"summary_large_image\" \/>\n<meta name=\"twitter:label1\" content=\"Tiempo de lectura\" \/>\n\t<meta name=\"twitter:data1\" content=\"6 minutos\" \/>\n<script type=\"application\/ld+json\" class=\"yoast-schema-graph\">{\"@context\":\"https:\\\/\\\/schema.org\",\"@graph\":[{\"@type\":\"WebPage\",\"@id\":\"https:\\\/\\\/jeaisup.com\\\/es\\\/politicas-de-privacidad\\\/\",\"url\":\"https:\\\/\\\/jeaisup.com\\\/es\\\/politicas-de-privacidad\\\/\",\"name\":\"Pol\u00edticas de privacidad - Jeaisup\",\"isPartOf\":{\"@id\":\"https:\\\/\\\/jeaisup.com\\\/#website\"},\"datePublished\":\"2024-01-22T12:31:43+00:00\",\"dateModified\":\"2024-02-10T00:00:33+00:00\",\"breadcrumb\":{\"@id\":\"https:\\\/\\\/jeaisup.com\\\/es\\\/politicas-de-privacidad\\\/#breadcrumb\"},\"inLanguage\":\"es\",\"potentialAction\":[{\"@type\":\"ReadAction\",\"target\":[\"https:\\\/\\\/jeaisup.com\\\/es\\\/politicas-de-privacidad\\\/\"]}]},{\"@type\":\"BreadcrumbList\",\"@id\":\"https:\\\/\\\/jeaisup.com\\\/es\\\/politicas-de-privacidad\\\/#breadcrumb\",\"itemListElement\":[{\"@type\":\"ListItem\",\"position\":1,\"name\":\"Home\",\"item\":\"https:\\\/\\\/jeaisup.com\\\/\"},{\"@type\":\"ListItem\",\"position\":2,\"name\":\"Pol\u00edticas de privacidad\"}]},{\"@type\":\"WebSite\",\"@id\":\"https:\\\/\\\/jeaisup.com\\\/#website\",\"url\":\"https:\\\/\\\/jeaisup.com\\\/\",\"name\":\"Jeaisup\",\"description\":\"PACK &amp; SHIP SOLUTIONS\",\"publisher\":{\"@id\":\"https:\\\/\\\/jeaisup.com\\\/#organization\"},\"potentialAction\":[{\"@type\":\"SearchAction\",\"target\":{\"@type\":\"EntryPoint\",\"urlTemplate\":\"https:\\\/\\\/jeaisup.com\\\/?s={search_term_string}\"},\"query-input\":{\"@type\":\"PropertyValueSpecification\",\"valueRequired\":true,\"valueName\":\"search_term_string\"}}],\"inLanguage\":\"es\"},{\"@type\":\"Organization\",\"@id\":\"https:\\\/\\\/jeaisup.com\\\/#organization\",\"name\":\"Jeaisup\",\"url\":\"https:\\\/\\\/jeaisup.com\\\/\",\"logo\":{\"@type\":\"ImageObject\",\"inLanguage\":\"es\",\"@id\":\"https:\\\/\\\/jeaisup.com\\\/#\\\/schema\\\/logo\\\/image\\\/\",\"url\":\"https:\\\/\\\/jeaisup.com\\\/wp-content\\\/uploads\\\/2023\\\/11\\\/Jeaisup.com-LOGO-PNG.png\",\"contentUrl\":\"https:\\\/\\\/jeaisup.com\\\/wp-content\\\/uploads\\\/2023\\\/11\\\/Jeaisup.com-LOGO-PNG.png\",\"width\":2500,\"height\":1080,\"caption\":\"Jeaisup\"},\"image\":{\"@id\":\"https:\\\/\\\/jeaisup.com\\\/#\\\/schema\\\/logo\\\/image\\\/\"}}]}<\/script>\n<!-- \/ Yoast SEO plugin. -->","yoast_head_json":{"title":"Pol\u00edticas de privacidad - Jeaisup","robots":{"index":"index","follow":"follow","max-snippet":"max-snippet:-1","max-image-preview":"max-image-preview:large","max-video-preview":"max-video-preview:-1"},"canonical":"https:\/\/jeaisup.com\/es\/politicas-de-privacidad\/","og_locale":"es_ES","og_type":"article","og_title":"Pol\u00edticas de privacidad - Jeaisup","og_description":"Home En&nbsp;Jeaisup.com&nbsp;&nbsp;su privacidad es nuestra prioridad.&nbsp;Estamos comprometidos a proteger su privacidad en todo momento y en todas las situaciones.&nbsp;La informaci\u00f3n que recopilamos sobre usted cuando se convierte en miembro se utiliza para procesar sus pedidos y brindarle una experiencia m\u00e1s personalizada en nuestro sitio.&nbsp;Nosotros&nbsp;Jeaisup.com&nbsp;no garantizamos la seguridad completa de la informaci\u00f3n almacenada;&nbsp;sin embargo, hemos implementado muchas pol\u00edticas y condiciones de\u2026","og_url":"https:\/\/jeaisup.com\/es\/politicas-de-privacidad\/","og_site_name":"Jeaisup","article_modified_time":"2024-02-10T00:00:33+00:00","twitter_card":"summary_large_image","twitter_misc":{"Tiempo de lectura":"6 minutos"},"schema":{"@context":"https:\/\/schema.org","@graph":[{"@type":"WebPage","@id":"https:\/\/jeaisup.com\/es\/politicas-de-privacidad\/","url":"https:\/\/jeaisup.com\/es\/politicas-de-privacidad\/","name":"Pol\u00edticas de privacidad - Jeaisup","isPartOf":{"@id":"https:\/\/jeaisup.com\/#website"},"datePublished":"2024-01-22T12:31:43+00:00","dateModified":"2024-02-10T00:00:33+00:00","breadcrumb":{"@id":"https:\/\/jeaisup.com\/es\/politicas-de-privacidad\/#breadcrumb"},"inLanguage":"es","potentialAction":[{"@type":"ReadAction","target":["https:\/\/jeaisup.com\/es\/politicas-de-privacidad\/"]}]},{"@type":"BreadcrumbList","@id":"https:\/\/jeaisup.com\/es\/politicas-de-privacidad\/#breadcrumb","itemListElement":[{"@type":"ListItem","position":1,"name":"Home","item":"https:\/\/jeaisup.com\/"},{"@type":"ListItem","position":2,"name":"Pol\u00edticas de privacidad"}]},{"@type":"WebSite","@id":"https:\/\/jeaisup.com\/#website","url":"https:\/\/jeaisup.com\/","name":"Jeaisup","description":"PACK &amp; SHIP SOLUTIONS","publisher":{"@id":"https:\/\/jeaisup.com\/#organization"},"potentialAction":[{"@type":"SearchAction","target":{"@type":"EntryPoint","urlTemplate":"https:\/\/jeaisup.com\/?s={search_term_string}"},"query-input":{"@type":"PropertyValueSpecification","valueRequired":true,"valueName":"search_term_string"}}],"inLanguage":"es"},{"@type":"Organization","@id":"https:\/\/jeaisup.com\/#organization","name":"Jeaisup","url":"https:\/\/jeaisup.com\/","logo":{"@type":"ImageObject","inLanguage":"es","@id":"https:\/\/jeaisup.com\/#\/schema\/logo\/image\/","url":"https:\/\/jeaisup.com\/wp-content\/uploads\/2023\/11\/Jeaisup.com-LOGO-PNG.png","contentUrl":"https:\/\/jeaisup.com\/wp-content\/uploads\/2023\/11\/Jeaisup.com-LOGO-PNG.png","width":2500,"height":1080,"caption":"Jeaisup"},"image":{"@id":"https:\/\/jeaisup.com\/#\/schema\/logo\/image\/"}}]}},"_links":{"self":[{"href":"https:\/\/jeaisup.com\/es\/wp-json\/wp\/v2\/pages\/2314","targetHints":{"allow":["GET"]}}],"collection":[{"href":"https:\/\/jeaisup.com\/es\/wp-json\/wp\/v2\/pages"}],"about":[{"href":"https:\/\/jeaisup.com\/es\/wp-json\/wp\/v2\/types\/page"}],"author":[{"embeddable":true,"href":"https:\/\/jeaisup.com\/es\/wp-json\/wp\/v2\/users\/1"}],"replies":[{"embeddable":true,"href":"https:\/\/jeaisup.com\/es\/wp-json\/wp\/v2\/comments?post=2314"}],"version-history":[{"count":7,"href":"https:\/\/jeaisup.com\/es\/wp-json\/wp\/v2\/pages\/2314\/revisions"}],"predecessor-version":[{"id":2508,"href":"https:\/\/jeaisup.com\/es\/wp-json\/wp\/v2\/pages\/2314\/revisions\/2508"}],"wp:attachment":[{"href":"https:\/\/jeaisup.com\/es\/wp-json\/wp\/v2\/media?parent=2314"}],"curies":[{"name":"wp","href":"https:\/\/api.w.org\/{rel}","templated":true}]}}