{"id":2317,"date":"2023-11-19T08:37:01","date_gmt":"2023-11-19T08:37:01","guid":{"rendered":"https:\/\/jeaisup.com\/faqs\/"},"modified":"2024-06-14T23:13:39","modified_gmt":"2024-06-14T23:13:39","slug":"preguntas","status":"publish","type":"page","link":"https:\/\/jeaisup.com\/es\/preguntas\/","title":{"rendered":"Preguntas"},"content":{"rendered":"\t\t<div data-elementor-type=\"wp-page\" data-elementor-id=\"2317\" class=\"elementor elementor-2317 elementor-21\">\n\t\t\t\t<div class=\"elementor-element elementor-element-3fc626d3 e-flex e-con-boxed kitify-col-width-auto-no ignore-docs-style-no kitify-disable-relative-no e-root-container elementor-top-section e-con e-parent\" data-id=\"3fc626d3\" data-element_type=\"container\" data-e-type=\"container\" data-settings=\"{&quot;background_background&quot;:&quot;classic&quot;}\">\n\t\t\t\t\t<div class=\"e-con-inner\">\n\t\t\t\t<div class=\"elementor-element elementor-element-560fa8e3 kitify-breadcrumbs-page-title-yes kitify-breadcrumbs-align-left elementor-widget kitify elementor-kitify-breadcrumbs\" data-id=\"560fa8e3\" data-element_type=\"widget\" data-e-type=\"widget\" data-widget_type=\"kitify-breadcrumbs.default\">\n\t\t\t\t<div class=\"elementor-widget-container\">\n\t\t\t\t\t\n\t\t<div class=\"kitify-breadcrumbs\">\n\t\t<div class=\"kitify-breadcrumbs__content\">\n\t\t<div class=\"kitify-breadcrumbs__wrap\"><div class=\"kitify-breadcrumbs__item\"><a href=\"https:\/\/jeaisup.com\/es\/\" class=\"kitify-breadcrumbs__item-link is-home\" rel=\"home\" title=\"Inicio\">Inicio<\/a><\/div>\n\t\t<\/div>\n\t\t<\/div>\n\t\t<\/div>\t\t\t\t<\/div>\n\t\t\t\t<\/div>\n\t\t\t\t\t<\/div>\n\t\t\t\t<\/div>\n\t\t<div class=\"elementor-element elementor-element-8993823 e-con-full e-flex kitify-col-width-auto-no ignore-docs-style-no kitify-disable-relative-no e-root-container elementor-top-section e-con e-parent\" data-id=\"8993823\" data-element_type=\"container\" data-e-type=\"container\">\n\t\t<section class=\"elementor-element elementor-element-68028f8 e-flex e-con-boxed kitify-col-width-auto-no ignore-docs-style-no kitify-disable-relative-no e-con e-child\" data-id=\"68028f8\" data-element_type=\"container\" data-e-type=\"container\">\n\t\t\t\t\t<div class=\"e-con-inner\">\n\t\t<div class=\"elementor-element elementor-element-765ce7f e-con-full e-flex kitify-col-width-auto-no ignore-docs-style-no kitify-disable-relative-no e-con e-child\" data-id=\"765ce7f\" data-element_type=\"container\" data-e-type=\"container\">\n\t\t\t\t<div class=\"elementor-element elementor-element-a15bd03 elementor-widget elementor-widget-heading\" data-id=\"a15bd03\" data-element_type=\"widget\" data-e-type=\"widget\" data-widget_type=\"heading.default\">\n\t\t\t\t<div class=\"elementor-widget-container\">\n\t\t\t\t\t<h5 class=\"elementor-heading-title elementor-size-default\">1. \u00bfC\u00f3mo puedo comunicarme con ustedes si tengo preguntas adicionales?\n<\/h5>\t\t\t\t<\/div>\n\t\t\t\t<\/div>\n\t\t\t\t<div class=\"elementor-element elementor-element-13f718c elementor-widget elementor-widget-text-editor\" data-id=\"13f718c\" data-element_type=\"widget\" data-e-type=\"widget\" data-widget_type=\"text-editor.default\">\n\t\t\t\t<div class=\"elementor-widget-container\">\n\t\t\t\t\t\t\t\t\tPuede comunicarse con nosotros f\u00e1cilmente llamando al <a href=\"tel:786-395-5742\">786-395-5742<\/a> o utilizando nuestro <a href=\"\/contact-us\">Formulario de contacto<\/a>.\t\t\t\t\t\t\t\t<\/div>\n\t\t\t\t<\/div>\n\t\t\t\t<\/div>\n\t\t<div class=\"elementor-element elementor-element-fb8cf48 e-con-full e-flex kitify-col-width-auto-no ignore-docs-style-no kitify-disable-relative-no e-con e-child\" data-id=\"fb8cf48\" data-element_type=\"container\" data-e-type=\"container\">\n\t\t\t\t<div class=\"elementor-element elementor-element-466fd14 elementor-widget elementor-widget-heading\" data-id=\"466fd14\" data-element_type=\"widget\" data-e-type=\"widget\" data-widget_type=\"heading.default\">\n\t\t\t\t<div class=\"elementor-widget-container\">\n\t\t\t\t\t<h5 class=\"elementor-heading-title elementor-size-default\">2. \u00bfQu\u00e9 debo hacer si necesito un presupuesto personalizado?<\/h5>\t\t\t\t<\/div>\n\t\t\t\t<\/div>\n\t\t\t\t<div class=\"elementor-element elementor-element-48a4c9e elementor-widget elementor-widget-text-editor\" data-id=\"48a4c9e\" data-element_type=\"widget\" data-e-type=\"widget\" data-widget_type=\"text-editor.default\">\n\t\t\t\t<div class=\"elementor-widget-container\">\n\t\t\t\t\t\t\t\t\t<p>Para obtener una cotizaci\u00f3n personalizada, lo invitamos a utilizar nuestro formulario \u00ab\u00a0<a href=\"https:\/\/jeaisup.com\/request-a-quote\/\">Solicitar cotizaci\u00f3n<\/a>\u00a0\u00bb<\/p>\t\t\t\t\t\t\t\t<\/div>\n\t\t\t\t<\/div>\n\t\t\t\t<\/div>\n\t\t\t\t\t<\/div>\n\t\t\t\t<\/section>\n\t\t<section class=\"elementor-element elementor-element-c95b0c3 e-flex e-con-boxed kitify-col-width-auto-no ignore-docs-style-no kitify-disable-relative-no e-con e-child\" data-id=\"c95b0c3\" data-element_type=\"container\" data-e-type=\"container\">\n\t\t\t\t\t<div class=\"e-con-inner\">\n\t\t<div class=\"elementor-element elementor-element-6f46367 e-con-full e-flex kitify-col-width-auto-no ignore-docs-style-no kitify-disable-relative-no e-con e-child\" data-id=\"6f46367\" data-element_type=\"container\" data-e-type=\"container\">\n\t\t\t\t<div class=\"elementor-element elementor-element-8416c64 elementor-widget elementor-widget-heading\" data-id=\"8416c64\" data-element_type=\"widget\" data-e-type=\"widget\" data-widget_type=\"heading.default\">\n\t\t\t\t<div class=\"elementor-widget-container\">\n\t\t\t\t\t<h5 class=\"elementor-heading-title elementor-size-default\">3. \u00bfCu\u00e1l es la forma m\u00e1s r\u00e1pida de obtener asistencia?\n<\/h5>\t\t\t\t<\/div>\n\t\t\t\t<\/div>\n\t\t\t\t<div class=\"elementor-element elementor-element-0b76adc elementor-widget elementor-widget-text-editor\" data-id=\"0b76adc\" data-element_type=\"widget\" data-e-type=\"widget\" data-widget_type=\"text-editor.default\">\n\t\t\t\t<div class=\"elementor-widget-container\">\n\t\t\t\t\t\t\t\t\tSi necesita asistencia r\u00e1pida, le recomendamos llamarnos directamente al <a href=\"tel:786-395-5742\">786-395-5742<\/a>.\t\t\t\t\t\t\t\t<\/div>\n\t\t\t\t<\/div>\n\t\t\t\t<\/div>\n\t\t<div class=\"elementor-element elementor-element-2ff0b34 e-con-full e-flex kitify-col-width-auto-no ignore-docs-style-no kitify-disable-relative-no e-con e-child\" data-id=\"2ff0b34\" data-element_type=\"container\" data-e-type=\"container\">\n\t\t\t\t<div class=\"elementor-element elementor-element-c7f3dfc elementor-widget elementor-widget-heading\" data-id=\"c7f3dfc\" data-element_type=\"widget\" data-e-type=\"widget\" data-widget_type=\"heading.default\">\n\t\t\t\t<div class=\"elementor-widget-container\">\n\t\t\t\t\t<h5 class=\"elementor-heading-title elementor-size-default\">4. \u00bfD\u00f3nde puedo encontrar informaci\u00f3n sobre los productos que ofrec\u00e9is?<\/h5>\t\t\t\t<\/div>\n\t\t\t\t<\/div>\n\t\t\t\t<div class=\"elementor-element elementor-element-849082d elementor-widget elementor-widget-text-editor\" data-id=\"849082d\" data-element_type=\"widget\" data-e-type=\"widget\" data-widget_type=\"text-editor.default\">\n\t\t\t\t<div class=\"elementor-widget-container\">\n\t\t\t\t\t\t\t\t\t<p>Puede explorar nuestra gama de productos y servicios en nuestra p\u00e1gina de inicio. No dude en llamarnos o utilizar nuestro formulario \u00ab\u00a0<a href=\"https:\/\/jeaisup.com\/request-a-quote\/\">Solicitar cotizaci\u00f3n<\/a>\u00a0\u00bb<\/p>\t\t\t\t\t\t\t\t<\/div>\n\t\t\t\t<\/div>\n\t\t\t\t<\/div>\n\t\t\t\t\t<\/div>\n\t\t\t\t<\/section>\n\t\t<section class=\"elementor-element elementor-element-8fac4af e-flex e-con-boxed kitify-col-width-auto-no ignore-docs-style-no kitify-disable-relative-no e-con e-child\" data-id=\"8fac4af\" data-element_type=\"container\" data-e-type=\"container\">\n\t\t\t\t\t<div class=\"e-con-inner\">\n\t\t<div class=\"elementor-element elementor-element-71ea831 e-con-full e-flex kitify-col-width-auto-no ignore-docs-style-no kitify-disable-relative-no e-con e-child\" data-id=\"71ea831\" data-element_type=\"container\" data-e-type=\"container\">\n\t\t\t\t<div class=\"elementor-element elementor-element-2ebb17a elementor-widget elementor-widget-heading\" data-id=\"2ebb17a\" data-element_type=\"widget\" data-e-type=\"widget\" data-widget_type=\"heading.default\">\n\t\t\t\t<div class=\"elementor-widget-container\">\n\t\t\t\t\t<h5 class=\"elementor-heading-title elementor-size-default\">5. \u00bfC\u00f3mo puedo realizar un pedido?\n<\/h5>\t\t\t\t<\/div>\n\t\t\t\t<\/div>\n\t\t\t\t<div class=\"elementor-element elementor-element-ec168f6 elementor-widget elementor-widget-text-editor\" data-id=\"ec168f6\" data-element_type=\"widget\" data-e-type=\"widget\" data-widget_type=\"text-editor.default\">\n\t\t\t\t<div class=\"elementor-widget-container\">\n\t\t\t\t\t\t\t\t\t<p>Para realizar un pedido, puede utilizar nuestro formulario \u00ab\u00a0<a href=\"https:\/\/jeaisup.com\/request-a-quote\/\">Solicitar cotizaci\u00f3n<\/a>\u00a0\u00bb. Si tienes requerimientos especiales, te recomendamos llamarnos al <a href=\"tel:786-395-5742\">786-395-5742<\/a>.<\/p>\t\t\t\t\t\t\t\t<\/div>\n\t\t\t\t<\/div>\n\t\t\t\t<\/div>\n\t\t<div class=\"elementor-element elementor-element-352e57e e-con-full e-flex kitify-col-width-auto-no ignore-docs-style-no kitify-disable-relative-no e-con e-child\" data-id=\"352e57e\" data-element_type=\"container\" data-e-type=\"container\">\n\t\t\t\t<div class=\"elementor-element elementor-element-a56522f elementor-widget elementor-widget-heading\" data-id=\"a56522f\" data-element_type=\"widget\" data-e-type=\"widget\" data-widget_type=\"heading.default\">\n\t\t\t\t<div class=\"elementor-widget-container\">\n\t\t\t\t\t<h5 class=\"elementor-heading-title elementor-size-default\">6. \u00bfOfrecen servicios personalizados para empresas?<\/h5>\t\t\t\t<\/div>\n\t\t\t\t<\/div>\n\t\t\t\t<div class=\"elementor-element elementor-element-0fdfa73 elementor-widget elementor-widget-text-editor\" data-id=\"0fdfa73\" data-element_type=\"widget\" data-e-type=\"widget\" data-widget_type=\"text-editor.default\">\n\t\t\t\t<div class=\"elementor-widget-container\">\n\t\t\t\t\t\t\t\t\tS\u00ed, ofrecemos servicios personalizados para empresas. Si tienes necesidades espec\u00edficas o requieres soluciones a la medida, ll\u00e1manos al <a href=\"tel:786-395-5742\">786-395-5742<\/a>.\t\t\t\t\t\t\t\t<\/div>\n\t\t\t\t<\/div>\n\t\t\t\t<\/div>\n\t\t\t\t\t<\/div>\n\t\t\t\t<\/section>\n\t\t\t\t<\/div>\n\t\t\t\t<\/div>\n\t\t","protected":false},"excerpt":{"rendered":"<p>Inicio \/*! elementor &#8211; v3.19.0 &#8211; 29-01-2024 *\/ .elementor-heading-title{padding:0;margin:0;line-height:1}.elementor-widget-heading .elementor-heading-title[class*=elementor-size-]&gt;a{color:inherit;font-size:inherit;line-height:inherit}.elementor-widget-heading .elementor-heading-title.elementor-size-small{font-size:15px}.elementor-widget-heading .elementor-heading-title.elementor-size-medium{font-size:19px}.elementor-widget-heading .elementor-heading-title.elementor-size-large{font-size:29px}.elementor-widget-heading .elementor-heading-title.elementor-size-xl{font-size:39px}.elementor-widget-heading .elementor-heading-title.elementor-size-xxl{font-size:59px} 1. \u00bfC\u00f3mo puedo comunicarme con ustedes si tengo preguntas adicionales? Puede comunicarse con nosotros f\u00e1cilmente llamando al 786-395-5742 o utilizando nuestro Formulario de contacto. 2. \u00bfQu\u00e9 debo hacer si necesito un presupuesto personalizado? Para obtener una cotizaci\u00f3n personalizada, lo invitamos a utilizar nuestro formulario \u00ab\u00a0Solicitar\u2026<\/p>\n","protected":false},"author":1,"featured_media":0,"parent":0,"menu_order":0,"comment_status":"closed","ping_status":"closed","template":"","meta":{"footnotes":""},"class_list":["post-2317","page","type-page","status-publish","hentry"],"yoast_head":"<!-- This site is optimized with the Yoast SEO plugin v27.4 - https:\/\/yoast.com\/product\/yoast-seo-wordpress\/ -->\n<title>JEA INVESTMENT - Preguntas Frecuentes | Respuestas a Preguntas Comunes<\/title>\n<meta name=\"description\" content=\"JEA INVESTMENT - Preguntas frecuentes sobre nuestros servicios y productos.\" \/>\n<meta name=\"robots\" content=\"index, follow, max-snippet:-1, max-image-preview:large, max-video-preview:-1\" \/>\n<link rel=\"canonical\" href=\"https:\/\/jeaisup.com\/faqs\/\" \/>\n<meta property=\"og:locale\" content=\"es_ES\" \/>\n<meta property=\"og:type\" content=\"article\" \/>\n<meta property=\"og:title\" content=\"JEA INVESTMENT - Preguntas Frecuentes | Respuestas a Preguntas Comunes\" \/>\n<meta property=\"og:description\" content=\"JEA INVESTMENT - Preguntas frecuentes sobre nuestros servicios y productos.\" \/>\n<meta property=\"og:url\" content=\"https:\/\/jeaisup.com\/faqs\/\" \/>\n<meta property=\"og:site_name\" content=\"Jeaisup\" \/>\n<meta property=\"article:modified_time\" content=\"2024-06-14T23:13:39+00:00\" \/>\n<meta name=\"twitter:card\" content=\"summary_large_image\" \/>\n<meta name=\"twitter:label1\" content=\"Tiempo de lectura\" \/>\n\t<meta name=\"twitter:data1\" content=\"1 minuto\" \/>\n<script type=\"application\/ld+json\" class=\"yoast-schema-graph\">{\"@context\":\"https:\\\/\\\/schema.org\",\"@graph\":[{\"@type\":\"WebPage\",\"@id\":\"https:\\\/\\\/jeaisup.com\\\/faqs\\\/\",\"url\":\"https:\\\/\\\/jeaisup.com\\\/faqs\\\/\",\"name\":\"JEA INVESTMENT - Preguntas Frecuentes | Respuestas a Preguntas Comunes\",\"isPartOf\":{\"@id\":\"https:\\\/\\\/jeaisup.com\\\/#website\"},\"datePublished\":\"2023-11-19T08:37:01+00:00\",\"dateModified\":\"2024-06-14T23:13:39+00:00\",\"description\":\"JEA INVESTMENT - Preguntas frecuentes sobre nuestros servicios y productos.\",\"breadcrumb\":{\"@id\":\"https:\\\/\\\/jeaisup.com\\\/faqs\\\/#breadcrumb\"},\"inLanguage\":\"es\",\"potentialAction\":[{\"@type\":\"ReadAction\",\"target\":[\"https:\\\/\\\/jeaisup.com\\\/faqs\\\/\"]}]},{\"@type\":\"BreadcrumbList\",\"@id\":\"https:\\\/\\\/jeaisup.com\\\/faqs\\\/#breadcrumb\",\"itemListElement\":[{\"@type\":\"ListItem\",\"position\":1,\"name\":\"Home\",\"item\":\"https:\\\/\\\/jeaisup.com\\\/\"},{\"@type\":\"ListItem\",\"position\":2,\"name\":\"Preguntas\"}]},{\"@type\":\"WebSite\",\"@id\":\"https:\\\/\\\/jeaisup.com\\\/#website\",\"url\":\"https:\\\/\\\/jeaisup.com\\\/\",\"name\":\"Jeaisup\",\"description\":\"PACK &amp; SHIP SOLUTIONS\",\"publisher\":{\"@id\":\"https:\\\/\\\/jeaisup.com\\\/#organization\"},\"potentialAction\":[{\"@type\":\"SearchAction\",\"target\":{\"@type\":\"EntryPoint\",\"urlTemplate\":\"https:\\\/\\\/jeaisup.com\\\/?s={search_term_string}\"},\"query-input\":{\"@type\":\"PropertyValueSpecification\",\"valueRequired\":true,\"valueName\":\"search_term_string\"}}],\"inLanguage\":\"es\"},{\"@type\":\"Organization\",\"@id\":\"https:\\\/\\\/jeaisup.com\\\/#organization\",\"name\":\"Jeaisup\",\"url\":\"https:\\\/\\\/jeaisup.com\\\/\",\"logo\":{\"@type\":\"ImageObject\",\"inLanguage\":\"es\",\"@id\":\"https:\\\/\\\/jeaisup.com\\\/#\\\/schema\\\/logo\\\/image\\\/\",\"url\":\"https:\\\/\\\/jeaisup.com\\\/wp-content\\\/uploads\\\/2023\\\/11\\\/Jeaisup.com-LOGO-PNG.png\",\"contentUrl\":\"https:\\\/\\\/jeaisup.com\\\/wp-content\\\/uploads\\\/2023\\\/11\\\/Jeaisup.com-LOGO-PNG.png\",\"width\":2500,\"height\":1080,\"caption\":\"Jeaisup\"},\"image\":{\"@id\":\"https:\\\/\\\/jeaisup.com\\\/#\\\/schema\\\/logo\\\/image\\\/\"}}]}<\/script>\n<!-- \/ Yoast SEO plugin. -->","yoast_head_json":{"title":"JEA INVESTMENT - Preguntas Frecuentes | Respuestas a Preguntas Comunes","description":"JEA INVESTMENT - Preguntas frecuentes sobre nuestros servicios y productos.","robots":{"index":"index","follow":"follow","max-snippet":"max-snippet:-1","max-image-preview":"max-image-preview:large","max-video-preview":"max-video-preview:-1"},"canonical":"https:\/\/jeaisup.com\/faqs\/","og_locale":"es_ES","og_type":"article","og_title":"JEA INVESTMENT - Preguntas Frecuentes | Respuestas a Preguntas Comunes","og_description":"JEA INVESTMENT - Preguntas frecuentes sobre nuestros servicios y productos.","og_url":"https:\/\/jeaisup.com\/faqs\/","og_site_name":"Jeaisup","article_modified_time":"2024-06-14T23:13:39+00:00","twitter_card":"summary_large_image","twitter_misc":{"Tiempo de lectura":"1 minuto"},"schema":{"@context":"https:\/\/schema.org","@graph":[{"@type":"WebPage","@id":"https:\/\/jeaisup.com\/faqs\/","url":"https:\/\/jeaisup.com\/faqs\/","name":"JEA INVESTMENT - Preguntas Frecuentes | Respuestas a Preguntas Comunes","isPartOf":{"@id":"https:\/\/jeaisup.com\/#website"},"datePublished":"2023-11-19T08:37:01+00:00","dateModified":"2024-06-14T23:13:39+00:00","description":"JEA INVESTMENT - Preguntas frecuentes sobre nuestros servicios y productos.","breadcrumb":{"@id":"https:\/\/jeaisup.com\/faqs\/#breadcrumb"},"inLanguage":"es","potentialAction":[{"@type":"ReadAction","target":["https:\/\/jeaisup.com\/faqs\/"]}]},{"@type":"BreadcrumbList","@id":"https:\/\/jeaisup.com\/faqs\/#breadcrumb","itemListElement":[{"@type":"ListItem","position":1,"name":"Home","item":"https:\/\/jeaisup.com\/"},{"@type":"ListItem","position":2,"name":"Preguntas"}]},{"@type":"WebSite","@id":"https:\/\/jeaisup.com\/#website","url":"https:\/\/jeaisup.com\/","name":"Jeaisup","description":"PACK &amp; SHIP SOLUTIONS","publisher":{"@id":"https:\/\/jeaisup.com\/#organization"},"potentialAction":[{"@type":"SearchAction","target":{"@type":"EntryPoint","urlTemplate":"https:\/\/jeaisup.com\/?s={search_term_string}"},"query-input":{"@type":"PropertyValueSpecification","valueRequired":true,"valueName":"search_term_string"}}],"inLanguage":"es"},{"@type":"Organization","@id":"https:\/\/jeaisup.com\/#organization","name":"Jeaisup","url":"https:\/\/jeaisup.com\/","logo":{"@type":"ImageObject","inLanguage":"es","@id":"https:\/\/jeaisup.com\/#\/schema\/logo\/image\/","url":"https:\/\/jeaisup.com\/wp-content\/uploads\/2023\/11\/Jeaisup.com-LOGO-PNG.png","contentUrl":"https:\/\/jeaisup.com\/wp-content\/uploads\/2023\/11\/Jeaisup.com-LOGO-PNG.png","width":2500,"height":1080,"caption":"Jeaisup"},"image":{"@id":"https:\/\/jeaisup.com\/#\/schema\/logo\/image\/"}}]}},"_links":{"self":[{"href":"https:\/\/jeaisup.com\/es\/wp-json\/wp\/v2\/pages\/2317","targetHints":{"allow":["GET"]}}],"collection":[{"href":"https:\/\/jeaisup.com\/es\/wp-json\/wp\/v2\/pages"}],"about":[{"href":"https:\/\/jeaisup.com\/es\/wp-json\/wp\/v2\/types\/page"}],"author":[{"embeddable":true,"href":"https:\/\/jeaisup.com\/es\/wp-json\/wp\/v2\/users\/1"}],"replies":[{"embeddable":true,"href":"https:\/\/jeaisup.com\/es\/wp-json\/wp\/v2\/comments?post=2317"}],"version-history":[{"count":18,"href":"https:\/\/jeaisup.com\/es\/wp-json\/wp\/v2\/pages\/2317\/revisions"}],"predecessor-version":[{"id":2673,"href":"https:\/\/jeaisup.com\/es\/wp-json\/wp\/v2\/pages\/2317\/revisions\/2673"}],"wp:attachment":[{"href":"https:\/\/jeaisup.com\/es\/wp-json\/wp\/v2\/media?parent=2317"}],"curies":[{"name":"wp","href":"https:\/\/api.w.org\/{rel}","templated":true}]}}