{"id":2319,"date":"2023-11-19T08:37:01","date_gmt":"2023-11-19T08:37:01","guid":{"rendered":"https:\/\/jeaisup.com\/about-us\/"},"modified":"2024-06-14T23:13:39","modified_gmt":"2024-06-14T23:13:39","slug":"nosotros","status":"publish","type":"page","link":"https:\/\/jeaisup.com\/es\/nosotros\/","title":{"rendered":"Nosotros"},"content":{"rendered":"\t\t<div data-elementor-type=\"wp-page\" data-elementor-id=\"2319\" class=\"elementor elementor-2319 elementor-18\">\n\t\t\t\t<div class=\"elementor-element elementor-element-2ed44356 e-flex e-con-boxed kitify-col-width-auto-no ignore-docs-style-no kitify-disable-relative-no e-root-container elementor-top-section e-con e-parent\" data-id=\"2ed44356\" data-element_type=\"container\" data-e-type=\"container\" data-settings=\"{&quot;background_background&quot;:&quot;classic&quot;}\">\n\t\t\t\t\t<div class=\"e-con-inner\">\n\t\t\t\t<div class=\"elementor-element elementor-element-4afaedc5 kitify-breadcrumbs-page-title-yes kitify-breadcrumbs-align-left elementor-widget kitify elementor-kitify-breadcrumbs\" data-id=\"4afaedc5\" data-element_type=\"widget\" data-e-type=\"widget\" data-widget_type=\"kitify-breadcrumbs.default\">\n\t\t\t\t<div class=\"elementor-widget-container\">\n\t\t\t\t\t\n\t\t<div class=\"kitify-breadcrumbs\">\n\t\t<div class=\"kitify-breadcrumbs__content\">\n\t\t<div class=\"kitify-breadcrumbs__wrap\"><div class=\"kitify-breadcrumbs__item\"><a href=\"https:\/\/jeaisup.com\/es\/\" class=\"kitify-breadcrumbs__item-link is-home\" rel=\"home\" title=\"Inicio\">Inicio<\/a><\/div>\n\t\t<\/div>\n\t\t<\/div>\n\t\t<\/div>\t\t\t\t<\/div>\n\t\t\t\t<\/div>\n\t\t\t\t\t<\/div>\n\t\t\t\t<\/div>\n\t\t\t\t<section class=\"elementor-section elementor-top-section elementor-element elementor-element-5bd8cf77 elementor-section-boxed elementor-section-height-default elementor-section-height-default\" data-id=\"5bd8cf77\" data-element_type=\"section\" data-e-type=\"section\">\n\t\t\t\t\t\t<div class=\"elementor-container elementor-column-gap-default\">\n\t\t\t\t\t<div class=\"elementor-column elementor-col-50 elementor-top-column elementor-element elementor-element-2c72190 kitify-col-width-auto-no kitify-disable-relative-no\" data-id=\"2c72190\" data-element_type=\"column\" data-e-type=\"column\" data-settings=\"{&quot;background_background&quot;:&quot;classic&quot;}\">\n\t\t\t<div class=\"elementor-widget-wrap elementor-element-populated\">\n\t\t\t\t\t\t<div class=\"elementor-element elementor-element-d354e5a elementor-widget elementor-widget-heading\" data-id=\"d354e5a\" data-element_type=\"widget\" data-e-type=\"widget\" data-widget_type=\"heading.default\">\n\t\t\t\t<div class=\"elementor-widget-container\">\n\t\t\t\t\t<h2 class=\"elementor-heading-title elementor-size-default\">Nuestra historia<\/h2>\t\t\t\t<\/div>\n\t\t\t\t<\/div>\n\t\t\t\t<div class=\"elementor-element elementor-element-2452c5b elementor-widget elementor-widget-text-editor\" data-id=\"2452c5b\" data-element_type=\"widget\" data-e-type=\"widget\" data-widget_type=\"text-editor.default\">\n\t\t\t\t<div class=\"elementor-widget-container\">\n\t\t\t\t\t\t\t\t\t<p>Fundada con una pasi\u00f3n por la excelencia, Jeaisup.com tiene una rica historia que abarca muchos a\u00f1os. Desde nuestros inicios, nos hemos dedicado a brindar soluciones de embalaje y env\u00edo de primer nivel para satisfacer las diversas necesidades de nuestros clientes. A lo largo de los a\u00f1os, hemos evolucionado, adaptado y crecido, esforz\u00e1ndonos constantemente por la innovaci\u00f3n y la satisfacci\u00f3n del cliente.<\/p>\t\t\t\t\t\t\t\t<\/div>\n\t\t\t\t<\/div>\n\t\t\t\t<div class=\"elementor-element elementor-element-69d8c53 elementor-widget elementor-widget-spacer\" data-id=\"69d8c53\" data-element_type=\"widget\" data-e-type=\"widget\" data-widget_type=\"spacer.default\">\n\t\t\t\t<div class=\"elementor-widget-container\">\n\t\t\t\t\t\t\t<div class=\"elementor-spacer\">\n\t\t\t<div class=\"elementor-spacer-inner\"><\/div>\n\t\t<\/div>\n\t\t\t\t\t\t<\/div>\n\t\t\t\t<\/div>\n\t\t\t\t<div class=\"elementor-element elementor-element-bd8fb3e elementor-widget elementor-widget-heading\" data-id=\"bd8fb3e\" data-element_type=\"widget\" data-e-type=\"widget\" data-widget_type=\"heading.default\">\n\t\t\t\t<div class=\"elementor-widget-container\">\n\t\t\t\t\t<h2 class=\"elementor-heading-title elementor-size-default\">Nuestra visi\u00f3n<\/h2>\t\t\t\t<\/div>\n\t\t\t\t<\/div>\n\t\t\t\t<div class=\"elementor-element elementor-element-24ea57e elementor-widget elementor-widget-text-editor\" data-id=\"24ea57e\" data-element_type=\"widget\" data-e-type=\"widget\" data-widget_type=\"text-editor.default\">\n\t\t\t\t<div class=\"elementor-widget-container\">\n\t\t\t\t\t\t\t\t\tEn Jeaisup.com, nuestra visi\u00f3n es ser una fuerza l\u00edder en la industria del embalaje y el env\u00edo, reconocida por nuestro compromiso con la calidad, la innovaci\u00f3n y la sostenibilidad ambiental. Nuestro objetivo es establecer nuevos est\u00e1ndares, superar constantemente las expectativas de los clientes y contribuir positivamente a las comunidades a las que servimos.\t\t\t\t\t\t\t\t<\/div>\n\t\t\t\t<\/div>\n\t\t\t\t<div class=\"elementor-element elementor-element-afde526 elementor-widget elementor-widget-spacer\" data-id=\"afde526\" data-element_type=\"widget\" data-e-type=\"widget\" data-widget_type=\"spacer.default\">\n\t\t\t\t<div class=\"elementor-widget-container\">\n\t\t\t\t\t\t\t<div class=\"elementor-spacer\">\n\t\t\t<div class=\"elementor-spacer-inner\"><\/div>\n\t\t<\/div>\n\t\t\t\t\t\t<\/div>\n\t\t\t\t<\/div>\n\t\t\t\t<div class=\"elementor-element elementor-element-ffb7b4e elementor-widget elementor-widget-heading\" data-id=\"ffb7b4e\" data-element_type=\"widget\" data-e-type=\"widget\" data-widget_type=\"heading.default\">\n\t\t\t\t<div class=\"elementor-widget-container\">\n\t\t\t\t\t<h2 class=\"elementor-heading-title elementor-size-default\">Nuestra misi\u00f3n<\/h2>\t\t\t\t<\/div>\n\t\t\t\t<\/div>\n\t\t\t\t<div class=\"elementor-element elementor-element-b788d5c elementor-widget elementor-widget-text-editor\" data-id=\"b788d5c\" data-element_type=\"widget\" data-e-type=\"widget\" data-widget_type=\"text-editor.default\">\n\t\t\t\t<div class=\"elementor-widget-container\">\n\t\t\t\t\t\t\t\t\tNuestra misi\u00f3n es ofrecer soluciones de embalaje incomparables que garanticen el tr\u00e1nsito seguro de los art\u00edculos valiosos de nuestros clientes. Estamos comprometidos a brindar productos de alta calidad, servicio personalizado y opciones ecol\u00f3gicas. Como empresa centrada en el cliente, nuestro objetivo es fomentar relaciones duraderas basadas en la confianza, la confiabilidad y un compromiso compartido con la excelencia.\n\t\t\t\t\t\t\t\t<\/div>\n\t\t\t\t<\/div>\n\t\t\t\t\t<\/div>\n\t\t<\/div>\n\t\t\t\t<div class=\"elementor-column elementor-col-50 elementor-top-column elementor-element elementor-element-8746e9d kitify-col-width-auto-no kitify-disable-relative-no\" data-id=\"8746e9d\" data-element_type=\"column\" data-e-type=\"column\" data-settings=\"{&quot;background_background&quot;:&quot;classic&quot;}\">\n\t\t\t<div class=\"elementor-widget-wrap\">\n\t\t\t\t\t\t\t<\/div>\n\t\t<\/div>\n\t\t\t\t\t<\/div>\n\t\t<\/section>\n\t\t\t\t<\/div>\n\t\t","protected":false},"excerpt":{"rendered":"<p>Inicio \/*! elementor &#8211; v3.19.0 &#8211; 29-01-2024 *\/ .elementor-heading-title{padding:0;margin:0;line-height:1}.elementor-widget-heading .elementor-heading-title[class*=elementor-size-]&gt;a{color:inherit;font-size:inherit;line-height:inherit}.elementor-widget-heading .elementor-heading-title.elementor-size-small{font-size:15px}.elementor-widget-heading .elementor-heading-title.elementor-size-medium{font-size:19px}.elementor-widget-heading .elementor-heading-title.elementor-size-large{font-size:29px}.elementor-widget-heading .elementor-heading-title.elementor-size-xl{font-size:39px}.elementor-widget-heading .elementor-heading-title.elementor-size-xxl{font-size:59px} Nuestra historia Fundada con una pasi\u00f3n por la excelencia, Jeaisup.com tiene una rica historia que abarca muchos a\u00f1os. Desde nuestros inicios, nos hemos dedicado a brindar soluciones de embalaje y env\u00edo de primer nivel para satisfacer las diversas necesidades de nuestros clientes. A lo largo\u2026<\/p>\n","protected":false},"author":1,"featured_media":0,"parent":0,"menu_order":0,"comment_status":"closed","ping_status":"closed","template":"","meta":{"footnotes":""},"class_list":["post-2319","page","type-page","status-publish","hentry"],"yoast_head":"<!-- This site is optimized with the Yoast SEO plugin v27.4 - https:\/\/yoast.com\/product\/yoast-seo-wordpress\/ -->\n<title>Nosotros - Jeaisup<\/title>\n<meta name=\"robots\" content=\"index, follow, max-snippet:-1, max-image-preview:large, max-video-preview:-1\" \/>\n<link rel=\"canonical\" href=\"https:\/\/jeaisup.com\/about-us\/\" \/>\n<meta property=\"og:locale\" content=\"es_ES\" \/>\n<meta property=\"og:type\" content=\"article\" \/>\n<meta property=\"og:title\" content=\"Nosotros - Jeaisup\" \/>\n<meta property=\"og:description\" content=\"Inicio \/*! elementor &#8211; v3.19.0 &#8211; 29-01-2024 *\/ .elementor-heading-title{padding:0;margin:0;line-height:1}.elementor-widget-heading .elementor-heading-title[class*=elementor-size-]&gt;a{color:inherit;font-size:inherit;line-height:inherit}.elementor-widget-heading .elementor-heading-title.elementor-size-small{font-size:15px}.elementor-widget-heading .elementor-heading-title.elementor-size-medium{font-size:19px}.elementor-widget-heading .elementor-heading-title.elementor-size-large{font-size:29px}.elementor-widget-heading .elementor-heading-title.elementor-size-xl{font-size:39px}.elementor-widget-heading .elementor-heading-title.elementor-size-xxl{font-size:59px} Nuestra historia Fundada con una pasi\u00f3n por la excelencia, Jeaisup.com tiene una rica historia que abarca muchos a\u00f1os. Desde nuestros inicios, nos hemos dedicado a brindar soluciones de embalaje y env\u00edo de primer nivel para satisfacer las diversas necesidades de nuestros clientes. A lo largo\u2026\" \/>\n<meta property=\"og:url\" content=\"https:\/\/jeaisup.com\/about-us\/\" \/>\n<meta property=\"og:site_name\" content=\"Jeaisup\" \/>\n<meta property=\"article:modified_time\" content=\"2024-06-14T23:13:39+00:00\" \/>\n<meta name=\"twitter:card\" content=\"summary_large_image\" \/>\n<meta name=\"twitter:label1\" content=\"Tiempo de lectura\" \/>\n\t<meta name=\"twitter:data1\" content=\"1 minuto\" \/>\n<script type=\"application\/ld+json\" class=\"yoast-schema-graph\">{\"@context\":\"https:\\\/\\\/schema.org\",\"@graph\":[{\"@type\":\"WebPage\",\"@id\":\"https:\\\/\\\/jeaisup.com\\\/about-us\\\/\",\"url\":\"https:\\\/\\\/jeaisup.com\\\/about-us\\\/\",\"name\":\"Nosotros - Jeaisup\",\"isPartOf\":{\"@id\":\"https:\\\/\\\/jeaisup.com\\\/#website\"},\"datePublished\":\"2023-11-19T08:37:01+00:00\",\"dateModified\":\"2024-06-14T23:13:39+00:00\",\"breadcrumb\":{\"@id\":\"https:\\\/\\\/jeaisup.com\\\/about-us\\\/#breadcrumb\"},\"inLanguage\":\"es\",\"potentialAction\":[{\"@type\":\"ReadAction\",\"target\":[\"https:\\\/\\\/jeaisup.com\\\/about-us\\\/\"]}]},{\"@type\":\"BreadcrumbList\",\"@id\":\"https:\\\/\\\/jeaisup.com\\\/about-us\\\/#breadcrumb\",\"itemListElement\":[{\"@type\":\"ListItem\",\"position\":1,\"name\":\"Home\",\"item\":\"https:\\\/\\\/jeaisup.com\\\/\"},{\"@type\":\"ListItem\",\"position\":2,\"name\":\"Nosotros\"}]},{\"@type\":\"WebSite\",\"@id\":\"https:\\\/\\\/jeaisup.com\\\/#website\",\"url\":\"https:\\\/\\\/jeaisup.com\\\/\",\"name\":\"Jeaisup\",\"description\":\"PACK &amp; SHIP SOLUTIONS\",\"publisher\":{\"@id\":\"https:\\\/\\\/jeaisup.com\\\/#organization\"},\"potentialAction\":[{\"@type\":\"SearchAction\",\"target\":{\"@type\":\"EntryPoint\",\"urlTemplate\":\"https:\\\/\\\/jeaisup.com\\\/?s={search_term_string}\"},\"query-input\":{\"@type\":\"PropertyValueSpecification\",\"valueRequired\":true,\"valueName\":\"search_term_string\"}}],\"inLanguage\":\"es\"},{\"@type\":\"Organization\",\"@id\":\"https:\\\/\\\/jeaisup.com\\\/#organization\",\"name\":\"Jeaisup\",\"url\":\"https:\\\/\\\/jeaisup.com\\\/\",\"logo\":{\"@type\":\"ImageObject\",\"inLanguage\":\"es\",\"@id\":\"https:\\\/\\\/jeaisup.com\\\/#\\\/schema\\\/logo\\\/image\\\/\",\"url\":\"https:\\\/\\\/jeaisup.com\\\/wp-content\\\/uploads\\\/2023\\\/11\\\/Jeaisup.com-LOGO-PNG.png\",\"contentUrl\":\"https:\\\/\\\/jeaisup.com\\\/wp-content\\\/uploads\\\/2023\\\/11\\\/Jeaisup.com-LOGO-PNG.png\",\"width\":2500,\"height\":1080,\"caption\":\"Jeaisup\"},\"image\":{\"@id\":\"https:\\\/\\\/jeaisup.com\\\/#\\\/schema\\\/logo\\\/image\\\/\"}}]}<\/script>\n<!-- \/ Yoast SEO plugin. -->","yoast_head_json":{"title":"Nosotros - Jeaisup","robots":{"index":"index","follow":"follow","max-snippet":"max-snippet:-1","max-image-preview":"max-image-preview:large","max-video-preview":"max-video-preview:-1"},"canonical":"https:\/\/jeaisup.com\/about-us\/","og_locale":"es_ES","og_type":"article","og_title":"Nosotros - Jeaisup","og_description":"Inicio \/*! elementor &#8211; v3.19.0 &#8211; 29-01-2024 *\/ .elementor-heading-title{padding:0;margin:0;line-height:1}.elementor-widget-heading .elementor-heading-title[class*=elementor-size-]&gt;a{color:inherit;font-size:inherit;line-height:inherit}.elementor-widget-heading .elementor-heading-title.elementor-size-small{font-size:15px}.elementor-widget-heading .elementor-heading-title.elementor-size-medium{font-size:19px}.elementor-widget-heading .elementor-heading-title.elementor-size-large{font-size:29px}.elementor-widget-heading .elementor-heading-title.elementor-size-xl{font-size:39px}.elementor-widget-heading .elementor-heading-title.elementor-size-xxl{font-size:59px} Nuestra historia Fundada con una pasi\u00f3n por la excelencia, Jeaisup.com tiene una rica historia que abarca muchos a\u00f1os. Desde nuestros inicios, nos hemos dedicado a brindar soluciones de embalaje y env\u00edo de primer nivel para satisfacer las diversas necesidades de nuestros clientes. A lo largo\u2026","og_url":"https:\/\/jeaisup.com\/about-us\/","og_site_name":"Jeaisup","article_modified_time":"2024-06-14T23:13:39+00:00","twitter_card":"summary_large_image","twitter_misc":{"Tiempo de lectura":"1 minuto"},"schema":{"@context":"https:\/\/schema.org","@graph":[{"@type":"WebPage","@id":"https:\/\/jeaisup.com\/about-us\/","url":"https:\/\/jeaisup.com\/about-us\/","name":"Nosotros - Jeaisup","isPartOf":{"@id":"https:\/\/jeaisup.com\/#website"},"datePublished":"2023-11-19T08:37:01+00:00","dateModified":"2024-06-14T23:13:39+00:00","breadcrumb":{"@id":"https:\/\/jeaisup.com\/about-us\/#breadcrumb"},"inLanguage":"es","potentialAction":[{"@type":"ReadAction","target":["https:\/\/jeaisup.com\/about-us\/"]}]},{"@type":"BreadcrumbList","@id":"https:\/\/jeaisup.com\/about-us\/#breadcrumb","itemListElement":[{"@type":"ListItem","position":1,"name":"Home","item":"https:\/\/jeaisup.com\/"},{"@type":"ListItem","position":2,"name":"Nosotros"}]},{"@type":"WebSite","@id":"https:\/\/jeaisup.com\/#website","url":"https:\/\/jeaisup.com\/","name":"Jeaisup","description":"PACK &amp; SHIP SOLUTIONS","publisher":{"@id":"https:\/\/jeaisup.com\/#organization"},"potentialAction":[{"@type":"SearchAction","target":{"@type":"EntryPoint","urlTemplate":"https:\/\/jeaisup.com\/?s={search_term_string}"},"query-input":{"@type":"PropertyValueSpecification","valueRequired":true,"valueName":"search_term_string"}}],"inLanguage":"es"},{"@type":"Organization","@id":"https:\/\/jeaisup.com\/#organization","name":"Jeaisup","url":"https:\/\/jeaisup.com\/","logo":{"@type":"ImageObject","inLanguage":"es","@id":"https:\/\/jeaisup.com\/#\/schema\/logo\/image\/","url":"https:\/\/jeaisup.com\/wp-content\/uploads\/2023\/11\/Jeaisup.com-LOGO-PNG.png","contentUrl":"https:\/\/jeaisup.com\/wp-content\/uploads\/2023\/11\/Jeaisup.com-LOGO-PNG.png","width":2500,"height":1080,"caption":"Jeaisup"},"image":{"@id":"https:\/\/jeaisup.com\/#\/schema\/logo\/image\/"}}]}},"_links":{"self":[{"href":"https:\/\/jeaisup.com\/es\/wp-json\/wp\/v2\/pages\/2319","targetHints":{"allow":["GET"]}}],"collection":[{"href":"https:\/\/jeaisup.com\/es\/wp-json\/wp\/v2\/pages"}],"about":[{"href":"https:\/\/jeaisup.com\/es\/wp-json\/wp\/v2\/types\/page"}],"author":[{"embeddable":true,"href":"https:\/\/jeaisup.com\/es\/wp-json\/wp\/v2\/users\/1"}],"replies":[{"embeddable":true,"href":"https:\/\/jeaisup.com\/es\/wp-json\/wp\/v2\/comments?post=2319"}],"version-history":[{"count":33,"href":"https:\/\/jeaisup.com\/es\/wp-json\/wp\/v2\/pages\/2319\/revisions"}],"predecessor-version":[{"id":2672,"href":"https:\/\/jeaisup.com\/es\/wp-json\/wp\/v2\/pages\/2319\/revisions\/2672"}],"wp:attachment":[{"href":"https:\/\/jeaisup.com\/es\/wp-json\/wp\/v2\/media?parent=2319"}],"curies":[{"name":"wp","href":"https:\/\/api.w.org\/{rel}","templated":true}]}}