{"id":2321,"date":"2023-11-16T02:15:28","date_gmt":"2023-11-16T02:15:28","guid":{"rendered":"https:\/\/jeaisup.com\/terms-and-conditions\/"},"modified":"2024-02-10T00:00:53","modified_gmt":"2024-02-10T00:00:53","slug":"terminos-y-condiciones","status":"publish","type":"page","link":"https:\/\/jeaisup.com\/es\/terminos-y-condiciones\/","title":{"rendered":"T\u00e9rminos y Condiciones"},"content":{"rendered":"\t\t<div data-elementor-type=\"wp-page\" data-elementor-id=\"2321\" class=\"elementor elementor-2321 elementor-1406\">\n\t\t\t\t<div class=\"elementor-element elementor-element-5db775ee e-flex e-con-boxed kitify-col-width-auto-no ignore-docs-style-no kitify-disable-relative-no e-root-container elementor-top-section e-con e-parent\" data-id=\"5db775ee\" data-element_type=\"container\" data-e-type=\"container\" data-settings=\"{&quot;background_background&quot;:&quot;classic&quot;}\">\n\t\t\t\t\t<div class=\"e-con-inner\">\n\t\t\t\t<div class=\"elementor-element elementor-element-4c3e7a39 kitify-breadcrumbs-page-title-yes kitify-breadcrumbs-align-left elementor-widget kitify elementor-kitify-breadcrumbs\" data-id=\"4c3e7a39\" data-element_type=\"widget\" data-e-type=\"widget\" data-widget_type=\"kitify-breadcrumbs.default\">\n\t\t\t\t<div class=\"elementor-widget-container\">\n\t\t\t\t\t\n\t\t<div class=\"kitify-breadcrumbs\">\n\t\t<div class=\"kitify-breadcrumbs__content\">\n\t\t<div class=\"kitify-breadcrumbs__wrap\"><div class=\"kitify-breadcrumbs__item\"><a href=\"https:\/\/jeaisup.com\/es\/\" class=\"kitify-breadcrumbs__item-link is-home\" rel=\"home\" title=\"Home\">Home<\/a><\/div>\n\t\t<\/div>\n\t\t<\/div>\n\t\t<\/div>\t\t\t\t<\/div>\n\t\t\t\t<\/div>\n\t\t\t\t\t<\/div>\n\t\t\t\t<\/div>\n\t\t<div class=\"elementor-element elementor-element-20ecb0b5 e-flex e-con-boxed kitify-col-width-auto-no ignore-docs-style-no kitify-disable-relative-no e-root-container elementor-top-section e-con e-parent\" data-id=\"20ecb0b5\" data-element_type=\"container\" data-e-type=\"container\">\n\t\t\t\t\t<div class=\"e-con-inner\">\n\t\t\t\t<div class=\"elementor-element elementor-element-1535d3f9 elementor-widget elementor-widget-text-editor\" data-id=\"1535d3f9\" data-element_type=\"widget\" data-e-type=\"widget\" data-widget_type=\"text-editor.default\">\n\t\t\t\t<div class=\"elementor-widget-container\">\n\t\t\t\t\t\t\t\t\t<p><\/p>\n<p><span>Condiciones de uso T\u00e9rminos y condiciones de uso Acuerdo LEA DETENIDAMENTE LOS T\u00c9RMINOS Y CONDICIONES DE USO ANTES DE UTILIZAR ESTE SITIO.&nbsp;Mantenemos este sitio web como un servicio para nuestros clientes y, al utilizarlo, usted acepta cumplir y estar sujeto a los siguientes t\u00e9rminos de uso.&nbsp;Revise atentamente los siguientes t\u00e9rminos y condiciones y rev\u00edselos peri\u00f3dicamente para detectar cambios.&nbsp;Si no est\u00e1 de acuerdo con los t\u00e9rminos y condiciones, no debe revisar informaci\u00f3n ni obtener bienes, servicios o productos de este sitio.&nbsp;TENGA EN CUENTA: DEBE TENER 18 A\u00d1OS O M\u00c1S Y RESIDENTE DE EE. UU. PARA PARTICIPAR EN NUESTRO SITIO.<\/span><\/p>\n<ol>\n<li><span>Aceptaci\u00f3n del Acuerdo.&nbsp;Usted acepta los t\u00e9rminos y condiciones descritos en este Acuerdo de T\u00e9rminos y condiciones de uso (\u00abAcuerdo\u00bb) con respecto a nuestro sitio (el \u00abSitio\u00bb).&nbsp;Este Acuerdo constituye el acuerdo completo y \u00fanico entre nosotros y usted, y reemplaza todos los acuerdos, representaciones, garant\u00edas y entendimientos anteriores o contempor\u00e1neos con respecto al Sitio, el contenido, los productos o servicios proporcionados por o a trav\u00e9s del Sitio, y el tema de este acuerdo.&nbsp;Podemos modificar este Acuerdo en cualquier momento y de vez en cuando sin previo aviso espec\u00edfico.&nbsp;El Acuerdo m\u00e1s reciente se publicar\u00e1 en el Sitio y usted debe revisar este Acuerdo antes de utilizar el Sitio.<\/span><\/li>\n<li><span>Derechos de autor.&nbsp;El contenido, la organizaci\u00f3n, los gr\u00e1ficos, el dise\u00f1o, la compilaci\u00f3n, la traducci\u00f3n magn\u00e9tica, la conversi\u00f3n digital y otros asuntos relacionados con el Sitio est\u00e1n protegidos por los derechos de autor, marcas comerciales, marcas registradas y otros derechos de propiedad (incluidos, entre otros, propiedad intelectual) aplicables.&nbsp;La copia, redistribuci\u00f3n, uso o publicaci\u00f3n por su parte de cualquiera de dichos asuntos o de cualquier parte del Sitio, excepto lo permitido por la Secci\u00f3n 4, est\u00e1 estrictamente prohibida.&nbsp;Usted no adquiere derechos de propiedad sobre ning\u00fan contenido, documento u otros materiales vistos a trav\u00e9s del Sitio.&nbsp;La publicaci\u00f3n de informaci\u00f3n o materiales en el Sitio no constituye una renuncia a ning\u00fan derecho sobre dicha informaci\u00f3n y materiales.<\/span><\/li>\n<li><span>Fraude: Al convertirse en miembro, usted confirma que la informaci\u00f3n proporcionada en este formulario es verdadera y que acepta cumplir con los T\u00e9rminos y condiciones de uso de este sitio.&nbsp;Tenga en cuenta que su membres\u00eda puede cancelarse sin previo aviso si se determina que se ha proporcionado informaci\u00f3n falsa o enga\u00f1osa, se han violado los T\u00e9rminos y condiciones de uso o se han producido otros abusos seg\u00fan lo determine&nbsp;&nbsp;<\/span><strong><span>Jeaisup.com&nbsp;<\/span><\/strong><span>&nbsp;a su exclusivo criterio.&nbsp;Si la membres\u00eda ha sido revocada,&nbsp;&nbsp;<\/span><strong><span>Jeaisup.com&nbsp;<\/span><\/strong><span>&nbsp;se reserva el derecho de rechazar la solicitud o la readmisi\u00f3n al programa de membres\u00eda.<\/span><\/li>\n<li><span>Derecho de uso limitado.&nbsp;La visualizaci\u00f3n, impresi\u00f3n o descarga de cualquier contenido, gr\u00e1fico, formulario o documento del Sitio le otorga solo una licencia limitada y no exclusiva para su uso exclusivo para su uso personal y no para republicaci\u00f3n, distribuci\u00f3n, cesi\u00f3n, sublicencia o venta. , preparaci\u00f3n de obras derivadas u otro uso.&nbsp;Ninguna parte de ning\u00fan contenido, forma o documento puede reproducirse de ninguna forma ni incorporarse a ning\u00fan sistema de recuperaci\u00f3n de informaci\u00f3n, electr\u00f3nico o mec\u00e1nico, que no sea para su uso personal (pero no para su reventa o redistribuci\u00f3n).<\/span><\/li>\n<li><span>Edici\u00f3n, Eliminaci\u00f3n y Modificaci\u00f3n.&nbsp;Nos reservamos el derecho, a nuestro exclusivo criterio, de editar o eliminar cualquier documento, informaci\u00f3n u otro contenido que aparezca en el Sitio, incluido este Acuerdo, sin previo aviso a los usuarios del Sitio.<\/span><\/li>\n<li><span>Indemnizaci\u00f3n.&nbsp;Usted acepta indemnizar, defender y eximirnos a nosotros y a nuestros socios, abogados, personal y afiliados (colectivamente, \u00abPartes Afiliadas\u00bb) de cualquier responsabilidad, p\u00e9rdida, reclamo y gasto, incluidos los honorarios razonables de abogados, relacionados con su violaci\u00f3n de este Acuerdo o uso del Sitio.<\/span><\/li>\n<li><span>Intransferible.&nbsp;Su derecho a utilizar el Sitio no es transferible.&nbsp;Cualquier contrase\u00f1a o derecho que se le otorgue para obtener informaci\u00f3n o documentos no es transferible y solo usted podr\u00e1 utilizarlo.<\/span><\/li>\n<li><span>Descargo de responsabilidad.&nbsp;LA INFORMACI\u00d3N PROCEDENTE DE O A TRAV\u00c9S DEL SITIO SE PROPORCIONA \u201cTAL CUAL\u201d, \u201cSEG\u00daN DISPONIBILIDAD\u201d Y SE RECHAZAN TODAS LAS GARANT\u00cdAS, EXPRESAS O IMPL\u00cdCITAS (INCLUYENDO, PERO NO LIMITADO A, LA RENUNCIA DE CUALQUIER GARANT\u00cdA IMPL\u00cdCITA DE COMERCIABILIDAD E IDONEIDAD PARA UN PROP\u00d3SITO PARTICULAR ).&nbsp;LA INFORMACI\u00d3N Y LOS SERVICIOS PUEDEN CONTENER FALLOS, ERRORES, PROBLEMAS U OTRAS LIMITACIONES.&nbsp;NOSOTROS Y NUESTRAS PARTES AFILIADAS NO TENEMOS NINGUNA RESPONSABILIDAD POR EL USO DE CUALQUIER INFORMACI\u00d3N O SERVICIO.&nbsp;EN PARTICULAR, PERO NO COMO LIMITACI\u00d3N, NOSOTROS Y NUESTRAS PARTES AFILIADAS NO SOMOS RESPONSABLES DE NING\u00daN DA\u00d1O INDIRECTO, ESPECIAL, INCIDENTAL O CONSECUENTE (INCLUYENDO DA\u00d1OS POR P\u00c9RDIDA DE NEGOCIOS, P\u00c9RDIDA DE GANANCIAS, LITIGIOS O SIMILARES), YA SEA BASADOS EN UN INCUMPLIMIENTO DE CONTRATO, INCUMPLIMIENTO DE GARANT\u00cdA, AGRAVIO (INCLUYENDO NEGLIGENCIA), RESPONSABILIDAD DEL PRODUCTO O DE OTRA MANERA, INCLUSO SI SE ADVIERTE DE LA POSIBILIDAD DE TALES DA\u00d1OS.&nbsp;LA NEGACI\u00d3N DE DA\u00d1OS ESTABLECIDA ANTERIORMENTE SON ELEMENTOS FUNDAMENTALES DE LA BASE DEL NEGOCIO ENTRE NOSOTROS.&nbsp;ESTE SITIO Y LA INFORMACI\u00d3N NO SE PROPORCIONAR\u00cdAN SIN TALES LIMITACIONES.&nbsp;NING\u00daN CONSEJO O INFORMACI\u00d3N, YA SEA ORAL O ESCRITA, QUE USTED OBTENGA DE NOSOTROS A TRAV\u00c9S DEL SITIO CREAR\u00c1 NINGUNA GARANT\u00cdA, DECLARACI\u00d3N O GARANT\u00cdA NO EXPRESAMENTE ESTABLECIDA EN ESTE ACUERDO.<\/span><\/li>\n<li><span>L\u00edmites.&nbsp;Se rechaza toda responsabilidad por cualquier da\u00f1o causado por los virus contenidos en el archivo electr\u00f3nico que contiene el formulario o documento.&nbsp;NO SEREMOS RESPONSABLES ANTE USTED POR NING\u00daN DA\u00d1O INCIDENTAL, ESPECIAL O CONSECUENTE DE NING\u00daN TIPO QUE PUEDA RESULTAR DEL USO O INCAPACIDAD DE UTILIZAR NUESTRO SITIO.&nbsp;Nuestra responsabilidad m\u00e1xima hacia usted en todas las circunstancias ser\u00e1 igual al precio de compra que pague por cualquier bien, servicio o informaci\u00f3n.<\/span><\/li>\n<li><span>Uso de la Informaci\u00f3n.&nbsp;Nos reservamos el derecho, y usted nos autoriza, al uso y asignaci\u00f3n de toda la informaci\u00f3n relacionada con el uso que usted haga del Sitio y toda la informaci\u00f3n proporcionada por usted de cualquier manera consistente con nuestra Pol\u00edtica de Privacidad.<\/span><\/li>\n<li><span>Servicios de terceros.&nbsp;Permitimos el acceso o publicitamos sitios de comerciantes de terceros (\u00abComerciantes\u00bb) desde los cuales usted puede comprar u obtener ciertos bienes o servicios.&nbsp;Usted comprende que no operamos ni controlamos los productos o servicios ofrecidos por los Comerciantes.&nbsp;Los comerciantes son responsables de todos los aspectos del procesamiento, cumplimiento, facturaci\u00f3n y servicio al cliente de los pedidos.&nbsp;No somos parte en las transacciones realizadas entre usted y los Comerciantes.&nbsp;USTED ACEPTA QUE EL USO DE DICHOS COMERCIANTES ES BAJO SU PROPIO RIESGO Y SIN GARANT\u00cdAS DE NING\u00daN TIPO POR PARTE DE NOSOTROS, EXPRESAS, IMPL\u00cdCITAS O DE OTRA MANERA, INCLUYENDO GARANT\u00cdAS DE T\u00cdTULO, IDONEIDAD PARA EL PROP\u00d3SITO, COMERCIABILIDAD O NO INFRACCI\u00d3N BAJO NINGUNA CIRCUNSTANCIA SOMOS RESPONSABLES POR NING\u00daN DA\u00d1O QUE SURJAN DE LAS TRANSACCIONES ENTRE USTED Y LOS COMERCIANTES O DE CUALQUIER INFORMACI\u00d3N QUE APARECE EN LOS SITIOS DE COMERCIANTES O CUALQUIER OTRO SITIO VINCULADO A NUESTRO SITIO.<\/span><\/li>\n<li><span>Pol\u00edticas para comerciantes de terceros.&nbsp;Todas las reglas, pol\u00edticas (incluidas las pol\u00edticas de privacidad) y procedimientos operativos de los Comerciantes se le aplicar\u00e1n mientras est\u00e9 en dichos sitios.&nbsp;No somos responsables de la informaci\u00f3n que usted proporcione a los Comerciantes.&nbsp;Nosotros y los Comerciantes somos contratistas independientes y ninguna de las partes tiene autoridad para hacer declaraciones o compromisos en nombre de la otra.&nbsp;13. Pol\u00edtica de Privacidad.&nbsp;Nuestra Pol\u00edtica de Privacidad, que puede cambiar peri\u00f3dicamente, forma parte de este Acuerdo.<\/span><\/li>\n<li><span>Pagos.&nbsp;Usted declara y garantiza que si compra algo de nosotros o de nuestros Comerciantes, (i) cualquier informaci\u00f3n de tarjeta de cr\u00e9dito que proporcione es verdadera, correcta y completa, (ii) los cargos incurridos por usted ser\u00e1n abonados por su compa\u00f1\u00eda de tarjeta de cr\u00e9dito, y (iii) pagar\u00e1 los cargos incurridos por usted a los precios publicados, incluidos los gastos de env\u00edo y los impuestos aplicables.<\/span><\/li>\n<li><span>Leyes de Valores.&nbsp;Este Sitio puede incluir declaraciones sobre nuestras operaciones, perspectivas, estrategias, situaci\u00f3n financiera, desempe\u00f1o econ\u00f3mico futuro y demanda de nuestros productos o servicios, as\u00ed como nuestras intenciones, planes y objetivos que son declaraciones prospectivas.&nbsp;Estas declaraciones se basan en una serie de suposiciones y estimaciones que est\u00e1n sujetas a importantes incertidumbres, muchas de las cuales est\u00e1n fuera de nuestro control.&nbsp;Cuando se utilizan en nuestro Sitio, palabras como \u00abanticipa\u00bb, \u00abespera\u00bb, \u00abcree\u00bb, \u00abestima\u00bb, \u00abbusca\u00bb, \u00abplanea\u00bb, \u00abtiene la intenci\u00f3n\u00bb y expresiones similares tienen como objetivo identificar declaraciones prospectivas dise\u00f1adas para caer dentro de puertos seguros de la ley de valores para declaraciones prospectivas.&nbsp;El Sitio y la informaci\u00f3n contenida en este documento no constituyen una oferta ni una solicitud de oferta de venta de ning\u00fan valor.&nbsp;Ninguna informaci\u00f3n contenida en este documento est\u00e1 destinada ni se considerar\u00e1 incorporada a ninguno de nuestros archivos o documentos relacionados con valores.<\/span><\/li>\n<li><span>Enlaces a otros sitios web.&nbsp;El Sitio contiene enlaces a otros sitios web.&nbsp;No somos responsables del contenido, la exactitud ni las opiniones expresadas en dichos sitios web, y no investigamos, monitoreamos ni comprobamos la exactitud o integridad de dichos sitios web.&nbsp;La inclusi\u00f3n de cualquier sitio web vinculado en nuestro Sitio no implica aprobaci\u00f3n o respaldo del sitio web vinculado por nuestra parte.&nbsp;Si decide abandonar nuestro Sitio y acceder a estos sitios de terceros, lo hace bajo su propio riesgo.<\/span><\/li>\n<li><span>Presentaciones.&nbsp;Todas las sugerencias, ideas, notas, conceptos y otra informaci\u00f3n que pueda enviarnos de vez en cuando (colectivamente, \u00abPresentaci\u00f3n\u00bb) se considerar\u00e1n y seguir\u00e1n siendo de nuestra exclusiva propiedad y no estar\u00e1n sujetas a ninguna obligaci\u00f3n de confianza de nuestra parte.&nbsp;Sin limitar lo anterior, se considerar\u00e1 que somos propietarios de todos los derechos conocidos y existentes en el futuro de todo tipo y naturaleza con respecto a los Env\u00edos y tendremos derecho a un uso ilimitado de los Env\u00edos para cualquier prop\u00f3sito, sin compensaci\u00f3n para el proveedor de los Env\u00edos.<\/span><\/li>\n<li><span>Pol\u00edtica de devoluci\u00f3n, cambio o cancelaci\u00f3n de un pedido.&nbsp;Debido a la naturaleza de nuestro sitio en l\u00ednea y a los productos enumerados, Jeaisup.com&nbsp;<\/span><strong><span>tiene<\/span><\/strong><span>&nbsp;una pol\u00edtica estricta de NO DEVOLUCI\u00d3N para cualquier producto enviado o ya entregado.&nbsp;Para el cambio de un producto de un pedido que no ha sido enviado se acepta s\u00f3lo si el cliente est\u00e1 dispuesto a pagar una tarifa de procesamiento de $10.&nbsp;Si el cliente decide cancelar un pedido que ha sido procesado, se le cobrar\u00e1 un 10% sobre el valor total del pedido en concepto de tarifa de reposici\u00f3n.<\/span><\/li>\n<li><span>Evento;&nbsp;Ley aplicable.&nbsp;USTED ACEPTA QUE TODAS LAS ACCIONES O PROCEDIMIENTOS QUE SURJAN DIRECTA O INDIRECTAMENTE DE ESTE ACUERDO, O SU USO DEL SITIO O CUALQUIER MUESTRA O PRODUCTO OBTENIDO POR USTED A TRAV\u00c9S DE DICHO USO, SE LITIGAR\u00c1N EN EL TRIBUNAL DE CIRCUITO DEL CONDADO DE MIAMI-DADE, FLORIDA O EL TRIBUNAL DE DISTRITO DE LOS ESTADOS UNIDOS PARA EL DISTRITO DE FLORIDA.&nbsp;USTED SE PRESENTA Y ACEPTA EXPRESAMENTE POR ADELANTADO A DICHA JURISDICCI\u00d3N EN CUALQUIER ACCI\u00d3N O PROCEDIMIENTO EN CUALQUIERA DE TALES TRIBUNALES, Y RENUNCIA A CUALQUIER RECLAMACI\u00d3N EN MIAMI, FLORIDA O EL DISTRITO DE FLORIDA ES UN FORO INCONVENIENTE O UN FORO INADECUADO POR FALTA DE LUGAR.&nbsp;Este sitio es creado y controlado por&nbsp;<\/span><strong><span>&nbsp;Jeaisup.com&nbsp;<\/span><\/strong><span>&nbsp;, una subsidiaria de propiedad total de&nbsp;&nbsp;<\/span><strong><span>Jeaisup.com&nbsp;<\/span><\/strong><span>&nbsp;en el estado de FLORIDA, EE. UU.&nbsp;Como tal, las leyes de FLORIDA regir\u00e1n los t\u00e9rminos y condiciones contenidos en este Acuerdo y en otras partes del Sitio, sin dar efecto a ning\u00fan principio de conflicto de leyes.<\/span><\/li>\n<li><span>Cuentas caducadas: para mantener&nbsp; actualizada la lista de miembros&nbsp;<\/span><strong><span>de Jeaisup.com&nbsp;<\/span><\/strong><span>&nbsp;, si un Miembro no accede a su cuenta durante un per\u00edodo de 150 d\u00edas o m\u00e1s,&nbsp;&nbsp;<\/span><strong><span>Jeaisup.com&nbsp;<\/span><\/strong><span>&nbsp;puede, a su entera discreci\u00f3n, cancelar la cuenta de dicho Miembro.&nbsp;<\/span><strong><span>Jeaisup.com&nbsp;<\/span><\/strong><span>&nbsp;se esforzar\u00e1 por notificar a un Miembro de&nbsp;&nbsp;<\/span><strong><span>Jeaisup.com la intenci\u00f3n de cancelar la cuenta de dicho Miembro mediante notificaci\u00f3n a la direcci\u00f3n de correo electr\u00f3nico proporcionada por dicho Miembro al menos 15 d\u00edas antes de la desactivaci\u00f3n.&nbsp;Si el Miembro no responde a dicho aviso por correo electr\u00f3nico dentro de los 15 d\u00edas posteriores al d\u00eda en que Jeaisup.com lo env\u00eda, la cuenta de dicho Miembro se cancelar\u00e1 como se indic\u00f3 anteriormente.&nbsp;Por lo tanto, Jeaisup.com recomienda encarecidamente que todos los miembros mantengan sus cuentas y datos de contacto actualizados y en uso.&nbsp;Si bien Jeaisup.com desea evitar que las cuentas activas se cancelen prematuramente, Jeaisup.com no tiene la obligaci\u00f3n de mantener cuentas que a Jeaisup.com le parezcan haber sido abandonadas.&nbsp;Cada Miembro acepta que la falta de acceso a su cuenta durante 150 d\u00edas o m\u00e1s indica de manera concluyente que la cuenta de dicho Miembro ha sido abandonada y que, por lo tanto, la cuenta puede cancelarse.<\/span><\/strong><\/li>\n<li><span>Verificar la direcci\u00f3n de los miembros:&nbsp;&nbsp;<\/span><strong><span>Jeaisup.com&nbsp;<\/span><\/strong><span>&nbsp;se reserva el derecho de comunicarse con un miembro por correo electr\u00f3nico para verificar la exactitud de la informaci\u00f3n de la cuenta (incluido el nombre y la direcci\u00f3n correctos del miembro) que se necesita para proporcionarle la informaci\u00f3n que solicit\u00f3 a&nbsp;<\/span><strong><span>Jeaisup. com<\/span><\/strong><\/li>\n<\/ol>\n<ol><\/ol>\n<p><\/p>\t\t\t\t\t\t\t\t<\/div>\n\t\t\t\t<\/div>\n\t\t\t\t\t<\/div>\n\t\t\t\t<\/div>\n\t\t\t\t<\/div>\n\t\t","protected":false},"excerpt":{"rendered":"<p>Home Condiciones de uso T\u00e9rminos y condiciones de uso Acuerdo LEA DETENIDAMENTE LOS T\u00c9RMINOS Y CONDICIONES DE USO ANTES DE UTILIZAR ESTE SITIO.&nbsp;Mantenemos este sitio web como un servicio para nuestros clientes y, al utilizarlo, usted acepta cumplir y estar sujeto a los siguientes t\u00e9rminos de uso.&nbsp;Revise atentamente los siguientes t\u00e9rminos y condiciones y rev\u00edselos peri\u00f3dicamente para detectar cambios.&nbsp;Si no\u2026<\/p>\n","protected":false},"author":1,"featured_media":0,"parent":0,"menu_order":0,"comment_status":"closed","ping_status":"closed","template":"elementor_header_footer","meta":{"footnotes":""},"class_list":["post-2321","page","type-page","status-publish","hentry"],"yoast_head":"<!-- This site is optimized with the Yoast SEO plugin v27.4 - https:\/\/yoast.com\/product\/yoast-seo-wordpress\/ -->\n<title>T\u00e9rminos y Condiciones - Jeaisup<\/title>\n<meta name=\"robots\" content=\"index, follow, max-snippet:-1, max-image-preview:large, max-video-preview:-1\" \/>\n<link rel=\"canonical\" href=\"https:\/\/jeaisup.com\/es\/terminos-y-condiciones\/\" \/>\n<meta property=\"og:locale\" content=\"es_ES\" \/>\n<meta property=\"og:type\" content=\"article\" \/>\n<meta property=\"og:title\" content=\"T\u00e9rminos y Condiciones - Jeaisup\" \/>\n<meta property=\"og:description\" content=\"Home Condiciones de uso T\u00e9rminos y condiciones de uso Acuerdo LEA DETENIDAMENTE LOS T\u00c9RMINOS Y CONDICIONES DE USO ANTES DE UTILIZAR ESTE SITIO.&nbsp;Mantenemos este sitio web como un servicio para nuestros clientes y, al utilizarlo, usted acepta cumplir y estar sujeto a los siguientes t\u00e9rminos de uso.&nbsp;Revise atentamente los siguientes t\u00e9rminos y condiciones y rev\u00edselos peri\u00f3dicamente para detectar cambios.&nbsp;Si no\u2026\" \/>\n<meta property=\"og:url\" content=\"https:\/\/jeaisup.com\/es\/terminos-y-condiciones\/\" \/>\n<meta property=\"og:site_name\" content=\"Jeaisup\" \/>\n<meta property=\"article:modified_time\" content=\"2024-02-10T00:00:53+00:00\" \/>\n<meta name=\"twitter:card\" content=\"summary_large_image\" \/>\n<meta name=\"twitter:label1\" content=\"Tiempo de lectura\" \/>\n\t<meta name=\"twitter:data1\" content=\"12 minutos\" \/>\n<script type=\"application\/ld+json\" class=\"yoast-schema-graph\">{\"@context\":\"https:\\\/\\\/schema.org\",\"@graph\":[{\"@type\":\"WebPage\",\"@id\":\"https:\\\/\\\/jeaisup.com\\\/es\\\/terminos-y-condiciones\\\/\",\"url\":\"https:\\\/\\\/jeaisup.com\\\/es\\\/terminos-y-condiciones\\\/\",\"name\":\"T\u00e9rminos y Condiciones - Jeaisup\",\"isPartOf\":{\"@id\":\"https:\\\/\\\/jeaisup.com\\\/#website\"},\"datePublished\":\"2023-11-16T02:15:28+00:00\",\"dateModified\":\"2024-02-10T00:00:53+00:00\",\"breadcrumb\":{\"@id\":\"https:\\\/\\\/jeaisup.com\\\/es\\\/terminos-y-condiciones\\\/#breadcrumb\"},\"inLanguage\":\"es\",\"potentialAction\":[{\"@type\":\"ReadAction\",\"target\":[\"https:\\\/\\\/jeaisup.com\\\/es\\\/terminos-y-condiciones\\\/\"]}]},{\"@type\":\"BreadcrumbList\",\"@id\":\"https:\\\/\\\/jeaisup.com\\\/es\\\/terminos-y-condiciones\\\/#breadcrumb\",\"itemListElement\":[{\"@type\":\"ListItem\",\"position\":1,\"name\":\"Home\",\"item\":\"https:\\\/\\\/jeaisup.com\\\/\"},{\"@type\":\"ListItem\",\"position\":2,\"name\":\"T\u00e9rminos y Condiciones\"}]},{\"@type\":\"WebSite\",\"@id\":\"https:\\\/\\\/jeaisup.com\\\/#website\",\"url\":\"https:\\\/\\\/jeaisup.com\\\/\",\"name\":\"Jeaisup\",\"description\":\"PACK &amp; SHIP SOLUTIONS\",\"publisher\":{\"@id\":\"https:\\\/\\\/jeaisup.com\\\/#organization\"},\"potentialAction\":[{\"@type\":\"SearchAction\",\"target\":{\"@type\":\"EntryPoint\",\"urlTemplate\":\"https:\\\/\\\/jeaisup.com\\\/?s={search_term_string}\"},\"query-input\":{\"@type\":\"PropertyValueSpecification\",\"valueRequired\":true,\"valueName\":\"search_term_string\"}}],\"inLanguage\":\"es\"},{\"@type\":\"Organization\",\"@id\":\"https:\\\/\\\/jeaisup.com\\\/#organization\",\"name\":\"Jeaisup\",\"url\":\"https:\\\/\\\/jeaisup.com\\\/\",\"logo\":{\"@type\":\"ImageObject\",\"inLanguage\":\"es\",\"@id\":\"https:\\\/\\\/jeaisup.com\\\/#\\\/schema\\\/logo\\\/image\\\/\",\"url\":\"https:\\\/\\\/jeaisup.com\\\/wp-content\\\/uploads\\\/2023\\\/11\\\/Jeaisup.com-LOGO-PNG.png\",\"contentUrl\":\"https:\\\/\\\/jeaisup.com\\\/wp-content\\\/uploads\\\/2023\\\/11\\\/Jeaisup.com-LOGO-PNG.png\",\"width\":2500,\"height\":1080,\"caption\":\"Jeaisup\"},\"image\":{\"@id\":\"https:\\\/\\\/jeaisup.com\\\/#\\\/schema\\\/logo\\\/image\\\/\"}}]}<\/script>\n<!-- \/ Yoast SEO plugin. -->","yoast_head_json":{"title":"T\u00e9rminos y Condiciones - Jeaisup","robots":{"index":"index","follow":"follow","max-snippet":"max-snippet:-1","max-image-preview":"max-image-preview:large","max-video-preview":"max-video-preview:-1"},"canonical":"https:\/\/jeaisup.com\/es\/terminos-y-condiciones\/","og_locale":"es_ES","og_type":"article","og_title":"T\u00e9rminos y Condiciones - Jeaisup","og_description":"Home Condiciones de uso T\u00e9rminos y condiciones de uso Acuerdo LEA DETENIDAMENTE LOS T\u00c9RMINOS Y CONDICIONES DE USO ANTES DE UTILIZAR ESTE SITIO.&nbsp;Mantenemos este sitio web como un servicio para nuestros clientes y, al utilizarlo, usted acepta cumplir y estar sujeto a los siguientes t\u00e9rminos de uso.&nbsp;Revise atentamente los siguientes t\u00e9rminos y condiciones y rev\u00edselos peri\u00f3dicamente para detectar cambios.&nbsp;Si no\u2026","og_url":"https:\/\/jeaisup.com\/es\/terminos-y-condiciones\/","og_site_name":"Jeaisup","article_modified_time":"2024-02-10T00:00:53+00:00","twitter_card":"summary_large_image","twitter_misc":{"Tiempo de lectura":"12 minutos"},"schema":{"@context":"https:\/\/schema.org","@graph":[{"@type":"WebPage","@id":"https:\/\/jeaisup.com\/es\/terminos-y-condiciones\/","url":"https:\/\/jeaisup.com\/es\/terminos-y-condiciones\/","name":"T\u00e9rminos y Condiciones - Jeaisup","isPartOf":{"@id":"https:\/\/jeaisup.com\/#website"},"datePublished":"2023-11-16T02:15:28+00:00","dateModified":"2024-02-10T00:00:53+00:00","breadcrumb":{"@id":"https:\/\/jeaisup.com\/es\/terminos-y-condiciones\/#breadcrumb"},"inLanguage":"es","potentialAction":[{"@type":"ReadAction","target":["https:\/\/jeaisup.com\/es\/terminos-y-condiciones\/"]}]},{"@type":"BreadcrumbList","@id":"https:\/\/jeaisup.com\/es\/terminos-y-condiciones\/#breadcrumb","itemListElement":[{"@type":"ListItem","position":1,"name":"Home","item":"https:\/\/jeaisup.com\/"},{"@type":"ListItem","position":2,"name":"T\u00e9rminos y Condiciones"}]},{"@type":"WebSite","@id":"https:\/\/jeaisup.com\/#website","url":"https:\/\/jeaisup.com\/","name":"Jeaisup","description":"PACK &amp; SHIP SOLUTIONS","publisher":{"@id":"https:\/\/jeaisup.com\/#organization"},"potentialAction":[{"@type":"SearchAction","target":{"@type":"EntryPoint","urlTemplate":"https:\/\/jeaisup.com\/?s={search_term_string}"},"query-input":{"@type":"PropertyValueSpecification","valueRequired":true,"valueName":"search_term_string"}}],"inLanguage":"es"},{"@type":"Organization","@id":"https:\/\/jeaisup.com\/#organization","name":"Jeaisup","url":"https:\/\/jeaisup.com\/","logo":{"@type":"ImageObject","inLanguage":"es","@id":"https:\/\/jeaisup.com\/#\/schema\/logo\/image\/","url":"https:\/\/jeaisup.com\/wp-content\/uploads\/2023\/11\/Jeaisup.com-LOGO-PNG.png","contentUrl":"https:\/\/jeaisup.com\/wp-content\/uploads\/2023\/11\/Jeaisup.com-LOGO-PNG.png","width":2500,"height":1080,"caption":"Jeaisup"},"image":{"@id":"https:\/\/jeaisup.com\/#\/schema\/logo\/image\/"}}]}},"_links":{"self":[{"href":"https:\/\/jeaisup.com\/es\/wp-json\/wp\/v2\/pages\/2321","targetHints":{"allow":["GET"]}}],"collection":[{"href":"https:\/\/jeaisup.com\/es\/wp-json\/wp\/v2\/pages"}],"about":[{"href":"https:\/\/jeaisup.com\/es\/wp-json\/wp\/v2\/types\/page"}],"author":[{"embeddable":true,"href":"https:\/\/jeaisup.com\/es\/wp-json\/wp\/v2\/users\/1"}],"replies":[{"embeddable":true,"href":"https:\/\/jeaisup.com\/es\/wp-json\/wp\/v2\/comments?post=2321"}],"version-history":[{"count":7,"href":"https:\/\/jeaisup.com\/es\/wp-json\/wp\/v2\/pages\/2321\/revisions"}],"predecessor-version":[{"id":2511,"href":"https:\/\/jeaisup.com\/es\/wp-json\/wp\/v2\/pages\/2321\/revisions\/2511"}],"wp:attachment":[{"href":"https:\/\/jeaisup.com\/es\/wp-json\/wp\/v2\/media?parent=2321"}],"curies":[{"name":"wp","href":"https:\/\/api.w.org\/{rel}","templated":true}]}}